{"id":25,"date":"2023-11-04T16:41:15","date_gmt":"2023-11-04T15:41:15","guid":{"rendered":"https:\/\/www.carmel.sk\/otvorenaruka\/?page_id=25"},"modified":"2026-02-09T08:20:40","modified_gmt":"2026-02-09T07:20:40","slug":"ako-nas-podporit","status":"publish","type":"page","link":"https:\/\/www.carmel.sk\/otvorenaruka\/ako-nas-podporit\/","title":{"rendered":"Ako n\u00e1s podpori\u0165"},"content":{"rendered":"\n<p>Najviac n\u00e1m pom\u00f4\u017eete pravideln\u00fdmi finan\u010dn\u00fdmi pr\u00edspevkami v r\u00e1mci va\u0161ich mo\u017enost\u00ed. Tieto prostriedky rozdel\u00edme medzi rodiny prihl\u00e1sen\u00e9 do n\u00e1\u0161ho programu pravideln\u00fdmi mesa\u010dn\u00fdmi podporami. <\/p>\n\n\n\n<h3 class=\"wp-block-heading\"><strong>Finan\u010dn\u00fd pr\u00edspevok<\/strong><\/h3>\n\n\n\n<p>\u013dubovo\u013en\u00fa sumu n\u00e1m m\u00f4\u017eete zasla\u0165 jednorazovo, alebo sa rozhodn\u00fa\u0165 pre pravideln\u00e9 mesa\u010dn\u00e9 platby priamo na n\u00e1\u0161 \u00fa\u010det.<\/p>\n\n\n\n<p><strong>\u010d.u.: SK86 7500 0000 0040 2218 8858<\/strong><\/p>\n\n\n\n<p><strong>Pou\u017eite pros\u00edm variabiln\u00fd symbol 100<\/strong><\/p>\n\n\n\n<p>V pr\u00edpade, \u017ee sa chcete sta\u0165 pravideln\u00fdm darcom, vypl\u0148te pros\u00edme tento dotazn\u00edk, ktor\u00fd n\u00e1m aj v\u00e1m pom\u00f4\u017ee.<\/p>\n\n\n\n<div class=\"wp-block-buttons is-layout-flex wp-block-buttons-is-layout-flex\">\n<div class=\"wp-block-button\"><a class=\"wp-block-button__link has-white-color has-text-color wp-element-button\" href=\"https:\/\/docs.google.com\/forms\/d\/e\/1FAIpQLSfGY2Ul_WlMllbdrUdLJrwpkPcsWEJvfzJnYBJi_UcT92NJNg\/viewform\" target=\"_blank\" rel=\"noreferrer noopener\">Chcem sa sta\u0165 pravideln\u00fdm darcom<\/a><\/div>\n<\/div>\n\n\n\n<hr class=\"wp-block-separator has-alpha-channel-opacity is-style-wide\"\/>\n\n\n\n<h2 class=\"wp-block-heading\">Darujte n\u00e1m 2% z dane<\/h2>\n\n\n\n<p>Aj tento rok n\u00e1s m\u00f4\u017eete podpori\u0165 aj 2% z dane. Ka\u017ed\u00e1 pomoc sa n\u00e1m z\u00edde.<\/p>\n\n\n\n<div class=\"wp-block-buttons is-layout-flex wp-block-buttons-is-layout-flex\">\n<div class=\"wp-block-button\"><a class=\"wp-block-button__link has-white-color has-text-color wp-element-button\" href=\"https:\/\/carmel.sk\/wp-content\/uploads\/2025\/03\/carmel.pdf\" target=\"_blank\" rel=\"noreferrer noopener\">Tla\u010divo na 2% z dane za rok 2025<\/a><\/div>\n<\/div>\n","protected":false},"excerpt":{"rendered":"<p>Najviac n\u00e1m pom\u00f4\u017eete pravideln\u00fdmi finan\u010dn\u00fdmi pr\u00edspevkami v r\u00e1mci va\u0161ich mo\u017enost\u00ed. Tieto prostriedky rozdel\u00edme medzi rodiny prihl\u00e1sen\u00e9 do n\u00e1\u0161ho programu pravideln\u00fdmi mesa\u010dn\u00fdmi podporami. Finan\u010dn\u00fd pr\u00edspevok \u013dubovo\u013en\u00fa sumu n\u00e1m m\u00f4\u017eete zasla\u0165 jednorazovo, alebo sa rozhodn\u00fa\u0165 pre pravideln\u00e9 mesa\u010dn\u00e9 platby priamo na n\u00e1\u0161 \u00fa\u010det. \u010d.u.: SK86 7500 0000 0040 2218 8858 Pou\u017eite pros\u00edm variabiln\u00fd symbol 100 V pr\u00edpade, [&hellip;]<\/p>\n","protected":false},"author":1,"featured_media":0,"parent":0,"menu_order":0,"comment_status":"closed","ping_status":"closed","template":"","meta":{"_monsterinsights_skip_tracking":false,"_monsterinsights_sitenote_active":false,"_monsterinsights_sitenote_note":"","_monsterinsights_sitenote_category":0,"footnotes":""},"class_list":["post-25","page","type-page","status-publish","hentry"],"yoast_head":"<!-- This site is optimized with the Yoast SEO plugin v27.3 - https:\/\/yoast.com\/product\/yoast-seo-wordpress\/ -->\n<title>Ako n\u00e1s podpori\u0165 - Otvoren\u00e1 ruka<\/title>\n<meta name=\"robots\" content=\"index, follow, max-snippet:-1, max-image-preview:large, max-video-preview:-1\" \/>\n<link rel=\"canonical\" href=\"https:\/\/www.carmel.sk\/otvorenaruka\/ako-nas-podporit\/\" \/>\n<meta property=\"og:locale\" content=\"sk_SK\" \/>\n<meta property=\"og:type\" content=\"article\" \/>\n<meta property=\"og:title\" content=\"Ako n\u00e1s podpori\u0165 - Otvoren\u00e1 ruka\" \/>\n<meta property=\"og:description\" content=\"Najviac n\u00e1m pom\u00f4\u017eete pravideln\u00fdmi finan\u010dn\u00fdmi pr\u00edspevkami v r\u00e1mci va\u0161ich mo\u017enost\u00ed. Tieto prostriedky rozdel\u00edme medzi rodiny prihl\u00e1sen\u00e9 do n\u00e1\u0161ho programu pravideln\u00fdmi mesa\u010dn\u00fdmi podporami. Finan\u010dn\u00fd pr\u00edspevok \u013dubovo\u013en\u00fa sumu n\u00e1m m\u00f4\u017eete zasla\u0165 jednorazovo, alebo sa rozhodn\u00fa\u0165 pre pravideln\u00e9 mesa\u010dn\u00e9 platby priamo na n\u00e1\u0161 \u00fa\u010det. \u010d.u.: SK86 7500 0000 0040 2218 8858 Pou\u017eite pros\u00edm variabiln\u00fd symbol 100 V pr\u00edpade, [&hellip;]\" \/>\n<meta property=\"og:url\" content=\"https:\/\/www.carmel.sk\/otvorenaruka\/ako-nas-podporit\/\" \/>\n<meta property=\"og:site_name\" content=\"Otvoren\u00e1 ruka\" \/>\n<meta property=\"article:modified_time\" content=\"2026-02-09T07:20:40+00:00\" \/>\n<meta name=\"twitter:card\" content=\"summary_large_image\" \/>\n<meta name=\"twitter:label1\" content=\"Predpokladan\u00fd \u010das \u010d\u00edtania\" \/>\n\t<meta name=\"twitter:data1\" content=\"1 min\u00fata\" \/>\n<script type=\"application\/ld+json\" class=\"yoast-schema-graph\">{\"@context\":\"https:\\\/\\\/schema.org\",\"@graph\":[{\"@type\":\"WebPage\",\"@id\":\"https:\\\/\\\/www.carmel.sk\\\/otvorenaruka\\\/ako-nas-podporit\\\/\",\"url\":\"https:\\\/\\\/www.carmel.sk\\\/otvorenaruka\\\/ako-nas-podporit\\\/\",\"name\":\"Ako n\u00e1s podpori\u0165 - Otvoren\u00e1 ruka\",\"isPartOf\":{\"@id\":\"https:\\\/\\\/www.carmel.sk\\\/otvorenaruka\\\/#website\"},\"datePublished\":\"2023-11-04T15:41:15+00:00\",\"dateModified\":\"2026-02-09T07:20:40+00:00\",\"breadcrumb\":{\"@id\":\"https:\\\/\\\/www.carmel.sk\\\/otvorenaruka\\\/ako-nas-podporit\\\/#breadcrumb\"},\"inLanguage\":\"sk-SK\",\"potentialAction\":[{\"@type\":\"ReadAction\",\"target\":[\"https:\\\/\\\/www.carmel.sk\\\/otvorenaruka\\\/ako-nas-podporit\\\/\"]}]},{\"@type\":\"BreadcrumbList\",\"@id\":\"https:\\\/\\\/www.carmel.sk\\\/otvorenaruka\\\/ako-nas-podporit\\\/#breadcrumb\",\"itemListElement\":[{\"@type\":\"ListItem\",\"position\":1,\"name\":\"Home\",\"item\":\"https:\\\/\\\/www.carmel.sk\\\/otvorenaruka\\\/\"},{\"@type\":\"ListItem\",\"position\":2,\"name\":\"Ako n\u00e1s podpori\u0165\"}]},{\"@type\":\"WebSite\",\"@id\":\"https:\\\/\\\/www.carmel.sk\\\/otvorenaruka\\\/#website\",\"url\":\"https:\\\/\\\/www.carmel.sk\\\/otvorenaruka\\\/\",\"name\":\"Otvoren\u00e1 ruka\",\"description\":\"\",\"potentialAction\":[{\"@type\":\"SearchAction\",\"target\":{\"@type\":\"EntryPoint\",\"urlTemplate\":\"https:\\\/\\\/www.carmel.sk\\\/otvorenaruka\\\/?s={search_term_string}\"},\"query-input\":{\"@type\":\"PropertyValueSpecification\",\"valueRequired\":true,\"valueName\":\"search_term_string\"}}],\"inLanguage\":\"sk-SK\"}]}<\/script>\n<!-- \/ Yoast SEO plugin. -->","yoast_head_json":{"title":"Ako n\u00e1s podpori\u0165 - Otvoren\u00e1 ruka","robots":{"index":"index","follow":"follow","max-snippet":"max-snippet:-1","max-image-preview":"max-image-preview:large","max-video-preview":"max-video-preview:-1"},"canonical":"https:\/\/www.carmel.sk\/otvorenaruka\/ako-nas-podporit\/","og_locale":"sk_SK","og_type":"article","og_title":"Ako n\u00e1s podpori\u0165 - Otvoren\u00e1 ruka","og_description":"Najviac n\u00e1m pom\u00f4\u017eete pravideln\u00fdmi finan\u010dn\u00fdmi pr\u00edspevkami v r\u00e1mci va\u0161ich mo\u017enost\u00ed. Tieto prostriedky rozdel\u00edme medzi rodiny prihl\u00e1sen\u00e9 do n\u00e1\u0161ho programu pravideln\u00fdmi mesa\u010dn\u00fdmi podporami. Finan\u010dn\u00fd pr\u00edspevok \u013dubovo\u013en\u00fa sumu n\u00e1m m\u00f4\u017eete zasla\u0165 jednorazovo, alebo sa rozhodn\u00fa\u0165 pre pravideln\u00e9 mesa\u010dn\u00e9 platby priamo na n\u00e1\u0161 \u00fa\u010det. \u010d.u.: SK86 7500 0000 0040 2218 8858 Pou\u017eite pros\u00edm variabiln\u00fd symbol 100 V pr\u00edpade, [&hellip;]","og_url":"https:\/\/www.carmel.sk\/otvorenaruka\/ako-nas-podporit\/","og_site_name":"Otvoren\u00e1 ruka","article_modified_time":"2026-02-09T07:20:40+00:00","twitter_card":"summary_large_image","twitter_misc":{"Predpokladan\u00fd \u010das \u010d\u00edtania":"1 min\u00fata"},"schema":{"@context":"https:\/\/schema.org","@graph":[{"@type":"WebPage","@id":"https:\/\/www.carmel.sk\/otvorenaruka\/ako-nas-podporit\/","url":"https:\/\/www.carmel.sk\/otvorenaruka\/ako-nas-podporit\/","name":"Ako n\u00e1s podpori\u0165 - Otvoren\u00e1 ruka","isPartOf":{"@id":"https:\/\/www.carmel.sk\/otvorenaruka\/#website"},"datePublished":"2023-11-04T15:41:15+00:00","dateModified":"2026-02-09T07:20:40+00:00","breadcrumb":{"@id":"https:\/\/www.carmel.sk\/otvorenaruka\/ako-nas-podporit\/#breadcrumb"},"inLanguage":"sk-SK","potentialAction":[{"@type":"ReadAction","target":["https:\/\/www.carmel.sk\/otvorenaruka\/ako-nas-podporit\/"]}]},{"@type":"BreadcrumbList","@id":"https:\/\/www.carmel.sk\/otvorenaruka\/ako-nas-podporit\/#breadcrumb","itemListElement":[{"@type":"ListItem","position":1,"name":"Home","item":"https:\/\/www.carmel.sk\/otvorenaruka\/"},{"@type":"ListItem","position":2,"name":"Ako n\u00e1s podpori\u0165"}]},{"@type":"WebSite","@id":"https:\/\/www.carmel.sk\/otvorenaruka\/#website","url":"https:\/\/www.carmel.sk\/otvorenaruka\/","name":"Otvoren\u00e1 ruka","description":"","potentialAction":[{"@type":"SearchAction","target":{"@type":"EntryPoint","urlTemplate":"https:\/\/www.carmel.sk\/otvorenaruka\/?s={search_term_string}"},"query-input":{"@type":"PropertyValueSpecification","valueRequired":true,"valueName":"search_term_string"}}],"inLanguage":"sk-SK"}]}},"_links":{"self":[{"href":"https:\/\/www.carmel.sk\/otvorenaruka\/wp-json\/wp\/v2\/pages\/25","targetHints":{"allow":["GET"]}}],"collection":[{"href":"https:\/\/www.carmel.sk\/otvorenaruka\/wp-json\/wp\/v2\/pages"}],"about":[{"href":"https:\/\/www.carmel.sk\/otvorenaruka\/wp-json\/wp\/v2\/types\/page"}],"author":[{"embeddable":true,"href":"https:\/\/www.carmel.sk\/otvorenaruka\/wp-json\/wp\/v2\/users\/1"}],"replies":[{"embeddable":true,"href":"https:\/\/www.carmel.sk\/otvorenaruka\/wp-json\/wp\/v2\/comments?post=25"}],"version-history":[{"count":5,"href":"https:\/\/www.carmel.sk\/otvorenaruka\/wp-json\/wp\/v2\/pages\/25\/revisions"}],"predecessor-version":[{"id":73,"href":"https:\/\/www.carmel.sk\/otvorenaruka\/wp-json\/wp\/v2\/pages\/25\/revisions\/73"}],"wp:attachment":[{"href":"https:\/\/www.carmel.sk\/otvorenaruka\/wp-json\/wp\/v2\/media?parent=25"}],"curies":[{"name":"wp","href":"https:\/\/api.w.org\/{rel}","templated":true}]}}