{"id":2,"date":"2023-10-31T09:04:28","date_gmt":"2023-10-31T08:04:28","guid":{"rendered":"https:\/\/www.carmel.sk\/otvorenaruka\/?page_id=2"},"modified":"2024-02-10T06:04:13","modified_gmt":"2024-02-10T05:04:13","slug":"ukazkova-stranka","status":"publish","type":"page","link":"https:\/\/www.carmel.sk\/otvorenaruka\/","title":{"rendered":""},"content":{"rendered":"\n<p><\/p>\n\n\n\n<div class=\"wp-block-media-text alignwide has-media-on-the-right is-stacked-on-mobile is-vertically-aligned-center has-background\" style=\"background-color:#fae9c3a3;grid-template-columns:auto 31%\"><div class=\"wp-block-media-text__content\">\n<div class=\"wp-block-group\" style=\"padding-top:2em;padding-right:2em;padding-bottom:2em;padding-left:2em\"><div class=\"wp-block-group__inner-container is-layout-flow wp-block-group-is-layout-flow\">\n<p style=\"font-size:36px;line-height:1.2\"><strong>Ako projekt <strong>funguje<\/strong>?<\/strong><\/p>\n\n\n\n<p class=\"has-extra-small-font-size\">Projekt Otvoren\u00e1 ruka vych\u00e1dza z n\u00e1\u0161ho presved\u010denia, \u017ee<strong> pr\u00edbehy rod\u00edn a det\u00ed v n\u00fadzi \u010di&nbsp;nedostatku s\u00fa aj na\u0161imi&nbsp;pr\u00edbehmi. <\/strong><\/p>\n\n\n\n<p class=\"has-extra-small-font-size\">Chce by\u0165 v\u00fdzvou pre v\u0161etk\u00fdch, ktor\u00ed <strong>prij\u00edmaj\u00fa&nbsp;svoj prebytok s v\u010fa\u010dnos\u0165ou a otvorenou rukou ho pon\u00fakaj\u00fa \u010falej. <\/strong>Na\u0161\u00edm cie\u013eom je d\u00e1va\u0165, tam kde treba a kde to skuto\u010dne pom\u00f4\u017ee. <\/p>\n\n\n\n<p class=\"has-extra-small-font-size\">Nie je to v\u00f4bec jednoduch\u00e9 a st\u00e1le sa u\u010d\u00edme ako by\u0165 v na\u0161ej pomoci \u010do najadresnej\u0161\u00ed. Ver\u00edm, \u017ee sa n\u00e1m v bl\u00edzkej bud\u00facnosti podar\u00ed roz\u0161\u00edri\u0165 projekt Otvorenej ruky a oslovi\u0165 ochotn\u00fdch darcov aj o mnoh\u00fdch z V\u00e1s.<\/p>\n<\/div><\/div>\n<\/div><figure class=\"wp-block-media-text__media\"><img loading=\"lazy\" decoding=\"async\" width=\"1005\" height=\"1005\" src=\"https:\/\/www.carmel.sk\/otvorenaruka\/wp-content\/uploads\/2023\/11\/OR_logo_stvorec_png.png\" alt=\"\" class=\"wp-image-6 size-full\" srcset=\"https:\/\/www.carmel.sk\/otvorenaruka\/wp-content\/uploads\/2023\/11\/OR_logo_stvorec_png.png 1005w, https:\/\/www.carmel.sk\/otvorenaruka\/wp-content\/uploads\/2023\/11\/OR_logo_stvorec_png-300x300.png 300w, https:\/\/www.carmel.sk\/otvorenaruka\/wp-content\/uploads\/2023\/11\/OR_logo_stvorec_png-150x150.png 150w, https:\/\/www.carmel.sk\/otvorenaruka\/wp-content\/uploads\/2023\/11\/OR_logo_stvorec_png-768x768.png 768w\" sizes=\"auto, (max-width: 1005px) 100vw, 1005px\" \/><\/figure><\/div>\n\n\n\n<hr class=\"wp-block-separator alignwide has-alpha-channel-opacity is-style-wide\"\/>\n\n\n\n<div class=\"wp-block-media-text alignwide is-stacked-on-mobile is-vertically-aligned-center has-background\" style=\"background-color:#ffebbfd1\"><figure class=\"wp-block-media-text__media\"><img loading=\"lazy\" decoding=\"async\" width=\"1024\" height=\"731\" src=\"https:\/\/www.carmel.sk\/otvorenaruka\/wp-content\/uploads\/2023\/11\/hands-holding-each-other-support-1024x731.jpg\" alt=\"\" class=\"wp-image-20 size-full\" srcset=\"https:\/\/www.carmel.sk\/otvorenaruka\/wp-content\/uploads\/2023\/11\/hands-holding-each-other-support-1024x731.jpg 1024w, https:\/\/www.carmel.sk\/otvorenaruka\/wp-content\/uploads\/2023\/11\/hands-holding-each-other-support-300x214.jpg 300w, https:\/\/www.carmel.sk\/otvorenaruka\/wp-content\/uploads\/2023\/11\/hands-holding-each-other-support-768x549.jpg 768w, https:\/\/www.carmel.sk\/otvorenaruka\/wp-content\/uploads\/2023\/11\/hands-holding-each-other-support-1536x1097.jpg 1536w, https:\/\/www.carmel.sk\/otvorenaruka\/wp-content\/uploads\/2023\/11\/hands-holding-each-other-support-2048x1463.jpg 2048w\" sizes=\"auto, (max-width: 1024px) 100vw, 1024px\" \/><\/figure><div class=\"wp-block-media-text__content\">\n<div class=\"wp-block-group\" style=\"padding-top:2em;padding-right:2em;padding-bottom:2em;padding-left:2em\"><div class=\"wp-block-group__inner-container is-layout-flow wp-block-group-is-layout-flow\">\n<p style=\"font-size:36px;line-height:1.2\"><strong>Ako n\u00e1s m\u00f4\u017eete podpori\u0165?<\/strong><\/p>\n\n\n\n<p>Podpor\u00edte n\u00e1s tak, \u017ee n\u00e1m za\u0161lete finan\u010dn\u00fd pr\u00edspevok na n\u00e1\u0161 \u00fa\u010det. <\/p>\n\n\n\n<p><strong>V\u00edtame sk\u00f4r pravideln\u00e9 pr\u00edspevky, hoci men\u0161ej sumy. Tieto m\u00f4\u017eeme ka\u017ed\u00fd mesiac prerozdeli\u0165 medzi potrebn\u00e9 rodiny. <\/strong><\/p>\n\n\n\n<p>Pote\u0161\u00edme sa v\u0161ak aj jednorazov\u00fdm pr\u00edspevkom, v\u010faka ktor\u00fdm m\u00f4\u017eeme pri r\u00f4znych pr\u00edle\u017eitostiach darova\u0165 na\u0161im rodin\u00e1m pouk\u00e1\u017eky na n\u00e1kup potrav\u00edn, obuvi alebo \u0161kolsk\u00fdch pom\u00f4cok. <\/p>\n\n\n\n<div class=\"wp-block-buttons is-layout-flex wp-block-buttons-is-layout-flex\">\n<div class=\"wp-block-button\"><a class=\"wp-block-button__link has-white-color has-text-color has-background wp-element-button\" href=\"https:\/\/www.carmel.sk\/otvorenaruka\/ako-nas-podporit\/\" style=\"background-color:#513c00\" target=\"_blank\" rel=\"noreferrer noopener\">Viac info o podpore<\/a><\/div>\n<\/div>\n<\/div><\/div>\n<\/div><\/div>\n\n\n\n<div class=\"wp-block-media-text alignwide has-media-on-the-right is-stacked-on-mobile is-vertically-aligned-center is-image-fill has-background\" style=\"background-color:#fae9c3a3;grid-template-columns:auto 36%\"><div class=\"wp-block-media-text__content\">\n<div class=\"wp-block-group\" style=\"padding-top:2em;padding-right:2em;padding-bottom:2em;padding-left:2em\"><div class=\"wp-block-group__inner-container is-layout-flow wp-block-group-is-layout-flow\">\n<p style=\"font-size:36px;line-height:1.2\"><strong>Ako konkr\u00e9tne ste pomohli?<\/strong><\/p>\n\n\n\n<p class=\"has-extra-small-font-size\">Rodiny, ktor\u00e9 podporujeme aj osobne pozn\u00e1me. Va\u0161a pomoc je preto adresn\u00e1. <\/p>\n\n\n\n<p><strong>Aktu\u00e1lne pom\u00e1hame 6 rodin\u00e1m, kde je spolu 21 \u010dlenov z toho 15 det\u00ed (aj Z\u0164P). <\/strong><\/p>\n\n\n\n<p>Do dne\u0161n\u00e9ho d\u0148a sa podarilo skrz tento projekt pom\u00f4c\u0165 rodin\u00e1m <br><strong>v celkovej sume 12 000 \u20ac<\/strong> &#8211; je to kr\u00e1sna suma, za \u010do sme ve\u013emi v\u010fa\u010dn\u00ed. <\/p>\n\n\n\n<p>Mesa\u010dn\u00e9 pr\u00edspevky na rodinu s\u00fa cca 20 &#8211; 50 \u20ac. <\/p>\n\n\n\n<p><strong>Raz ro\u010dne sa v\u010faka pr\u00edspevkom z HOE alebo v\u00fdnimo\u010dn\u00fdm darom \u010di aktivit\u00e1m skrz kaviare\u0148<\/strong>, podar\u00ed vyzbiera\u0165 sumu, v\u010faka ktorej im m\u00f4\u017eeme darova\u0165 <strong>pouk\u00e1\u017eky na n\u00e1kup top\u00e1nok alebo \u0161kolsk\u00fdch pom\u00f4cok.<\/strong><\/p>\n\n\n\n<div class=\"wp-block-buttons is-layout-flex wp-block-buttons-is-layout-flex\">\n<div class=\"wp-block-button\"><a class=\"wp-block-button__link has-white-color has-text-color has-background wp-element-button\" href=\"https:\/\/carmel.sk\/\" style=\"background-color:#513c00\" target=\"_blank\" rel=\"noreferrer noopener\">Carmel Centrum &#8211; neziskov\u00e1 organiz\u00e1cia<\/a><\/div>\n<\/div>\n\n\n\n<p><\/p>\n\n\n\n<div class=\"wp-block-buttons is-layout-flex wp-block-buttons-is-layout-flex\">\n<div class=\"wp-block-button\"><a class=\"wp-block-button__link has-white-color has-text-color has-background wp-element-button\" href=\"https:\/\/www.carmel.sk\/kaviaren\/\" style=\"background-color:#513c00\" target=\"_blank\" rel=\"noreferrer noopener\">Carmel Caf\u00e9 &#8211; komunitn\u00e1 kaviare\u0148 v Se\u010dovciach<\/a><\/div>\n<\/div>\n<\/div><\/div>\n<\/div><figure class=\"wp-block-media-text__media\" style=\"background-image:url(https:\/\/www.carmel.sk\/otvorenaruka\/wp-content\/uploads\/2023\/12\/cute-little-girl-having-fun-outdoors-winter-day-1024x681.jpg);background-position:50% 50%\"><img loading=\"lazy\" decoding=\"async\" width=\"1024\" height=\"681\" src=\"https:\/\/www.carmel.sk\/otvorenaruka\/wp-content\/uploads\/2023\/12\/cute-little-girl-having-fun-outdoors-winter-day-1024x681.jpg\" alt=\"\" class=\"wp-image-64 size-full\" srcset=\"https:\/\/www.carmel.sk\/otvorenaruka\/wp-content\/uploads\/2023\/12\/cute-little-girl-having-fun-outdoors-winter-day-1024x681.jpg 1024w, https:\/\/www.carmel.sk\/otvorenaruka\/wp-content\/uploads\/2023\/12\/cute-little-girl-having-fun-outdoors-winter-day-300x200.jpg 300w, https:\/\/www.carmel.sk\/otvorenaruka\/wp-content\/uploads\/2023\/12\/cute-little-girl-having-fun-outdoors-winter-day-768x511.jpg 768w, https:\/\/www.carmel.sk\/otvorenaruka\/wp-content\/uploads\/2023\/12\/cute-little-girl-having-fun-outdoors-winter-day-1536x1022.jpg 1536w, https:\/\/www.carmel.sk\/otvorenaruka\/wp-content\/uploads\/2023\/12\/cute-little-girl-having-fun-outdoors-winter-day-2048x1363.jpg 2048w\" sizes=\"auto, (max-width: 1024px) 100vw, 1024px\" \/><\/figure><\/div>\n","protected":false},"excerpt":{"rendered":"","protected":false},"author":1,"featured_media":0,"parent":0,"menu_order":0,"comment_status":"closed","ping_status":"open","template":"","meta":{"_monsterinsights_skip_tracking":false,"_monsterinsights_sitenote_active":false,"_monsterinsights_sitenote_note":"","_monsterinsights_sitenote_category":0,"footnotes":""},"class_list":["post-2","page","type-page","status-publish","hentry"],"yoast_head":"<!-- This site is optimized with the Yoast SEO plugin v27.3 - https:\/\/yoast.com\/product\/yoast-seo-wordpress\/ -->\n<title>- Otvoren\u00e1 ruka<\/title>\n<meta name=\"robots\" content=\"index, follow, max-snippet:-1, max-image-preview:large, max-video-preview:-1\" \/>\n<link rel=\"canonical\" href=\"https:\/\/www.carmel.sk\/otvorenaruka\/\" \/>\n<meta property=\"og:locale\" content=\"sk_SK\" \/>\n<meta property=\"og:type\" content=\"article\" \/>\n<meta property=\"og:title\" content=\"- Otvoren\u00e1 ruka\" \/>\n<meta property=\"og:url\" content=\"https:\/\/www.carmel.sk\/otvorenaruka\/\" \/>\n<meta property=\"og:site_name\" content=\"Otvoren\u00e1 ruka\" \/>\n<meta property=\"article:modified_time\" content=\"2024-02-10T05:04:13+00:00\" \/>\n<meta property=\"og:image\" content=\"https:\/\/www.carmel.sk\/otvorenaruka\/wp-content\/uploads\/2023\/11\/OR_logo_stvorec_png.png\" \/>\n<meta name=\"twitter:card\" content=\"summary_large_image\" \/>\n<meta name=\"twitter:label1\" content=\"Predpokladan\u00fd \u010das \u010d\u00edtania\" \/>\n\t<meta name=\"twitter:data1\" content=\"2 min\u00faty\" \/>\n<script type=\"application\/ld+json\" class=\"yoast-schema-graph\">{\"@context\":\"https:\\\/\\\/schema.org\",\"@graph\":[{\"@type\":\"WebPage\",\"@id\":\"https:\\\/\\\/www.carmel.sk\\\/otvorenaruka\\\/\",\"url\":\"https:\\\/\\\/www.carmel.sk\\\/otvorenaruka\\\/\",\"name\":\"- Otvoren\u00e1 ruka\",\"isPartOf\":{\"@id\":\"https:\\\/\\\/www.carmel.sk\\\/otvorenaruka\\\/#website\"},\"primaryImageOfPage\":{\"@id\":\"https:\\\/\\\/www.carmel.sk\\\/otvorenaruka\\\/#primaryimage\"},\"image\":{\"@id\":\"https:\\\/\\\/www.carmel.sk\\\/otvorenaruka\\\/#primaryimage\"},\"thumbnailUrl\":\"https:\\\/\\\/www.carmel.sk\\\/otvorenaruka\\\/wp-content\\\/uploads\\\/2023\\\/11\\\/OR_logo_stvorec_png.png\",\"datePublished\":\"2023-10-31T08:04:28+00:00\",\"dateModified\":\"2024-02-10T05:04:13+00:00\",\"inLanguage\":\"sk-SK\",\"potentialAction\":[{\"@type\":\"ReadAction\",\"target\":[\"https:\\\/\\\/www.carmel.sk\\\/otvorenaruka\\\/\"]}]},{\"@type\":\"ImageObject\",\"inLanguage\":\"sk-SK\",\"@id\":\"https:\\\/\\\/www.carmel.sk\\\/otvorenaruka\\\/#primaryimage\",\"url\":\"https:\\\/\\\/www.carmel.sk\\\/otvorenaruka\\\/wp-content\\\/uploads\\\/2023\\\/11\\\/OR_logo_stvorec_png.png\",\"contentUrl\":\"https:\\\/\\\/www.carmel.sk\\\/otvorenaruka\\\/wp-content\\\/uploads\\\/2023\\\/11\\\/OR_logo_stvorec_png.png\",\"width\":1005,\"height\":1005},{\"@type\":\"WebSite\",\"@id\":\"https:\\\/\\\/www.carmel.sk\\\/otvorenaruka\\\/#website\",\"url\":\"https:\\\/\\\/www.carmel.sk\\\/otvorenaruka\\\/\",\"name\":\"Otvoren\u00e1 ruka\",\"description\":\"\",\"potentialAction\":[{\"@type\":\"SearchAction\",\"target\":{\"@type\":\"EntryPoint\",\"urlTemplate\":\"https:\\\/\\\/www.carmel.sk\\\/otvorenaruka\\\/?s={search_term_string}\"},\"query-input\":{\"@type\":\"PropertyValueSpecification\",\"valueRequired\":true,\"valueName\":\"search_term_string\"}}],\"inLanguage\":\"sk-SK\"}]}<\/script>\n<!-- \/ Yoast SEO plugin. -->","yoast_head_json":{"title":"- Otvoren\u00e1 ruka","robots":{"index":"index","follow":"follow","max-snippet":"max-snippet:-1","max-image-preview":"max-image-preview:large","max-video-preview":"max-video-preview:-1"},"canonical":"https:\/\/www.carmel.sk\/otvorenaruka\/","og_locale":"sk_SK","og_type":"article","og_title":"- Otvoren\u00e1 ruka","og_url":"https:\/\/www.carmel.sk\/otvorenaruka\/","og_site_name":"Otvoren\u00e1 ruka","article_modified_time":"2024-02-10T05:04:13+00:00","og_image":[{"url":"https:\/\/www.carmel.sk\/otvorenaruka\/wp-content\/uploads\/2023\/11\/OR_logo_stvorec_png.png","type":"","width":"","height":""}],"twitter_card":"summary_large_image","twitter_misc":{"Predpokladan\u00fd \u010das \u010d\u00edtania":"2 min\u00faty"},"schema":{"@context":"https:\/\/schema.org","@graph":[{"@type":"WebPage","@id":"https:\/\/www.carmel.sk\/otvorenaruka\/","url":"https:\/\/www.carmel.sk\/otvorenaruka\/","name":"- Otvoren\u00e1 ruka","isPartOf":{"@id":"https:\/\/www.carmel.sk\/otvorenaruka\/#website"},"primaryImageOfPage":{"@id":"https:\/\/www.carmel.sk\/otvorenaruka\/#primaryimage"},"image":{"@id":"https:\/\/www.carmel.sk\/otvorenaruka\/#primaryimage"},"thumbnailUrl":"https:\/\/www.carmel.sk\/otvorenaruka\/wp-content\/uploads\/2023\/11\/OR_logo_stvorec_png.png","datePublished":"2023-10-31T08:04:28+00:00","dateModified":"2024-02-10T05:04:13+00:00","inLanguage":"sk-SK","potentialAction":[{"@type":"ReadAction","target":["https:\/\/www.carmel.sk\/otvorenaruka\/"]}]},{"@type":"ImageObject","inLanguage":"sk-SK","@id":"https:\/\/www.carmel.sk\/otvorenaruka\/#primaryimage","url":"https:\/\/www.carmel.sk\/otvorenaruka\/wp-content\/uploads\/2023\/11\/OR_logo_stvorec_png.png","contentUrl":"https:\/\/www.carmel.sk\/otvorenaruka\/wp-content\/uploads\/2023\/11\/OR_logo_stvorec_png.png","width":1005,"height":1005},{"@type":"WebSite","@id":"https:\/\/www.carmel.sk\/otvorenaruka\/#website","url":"https:\/\/www.carmel.sk\/otvorenaruka\/","name":"Otvoren\u00e1 ruka","description":"","potentialAction":[{"@type":"SearchAction","target":{"@type":"EntryPoint","urlTemplate":"https:\/\/www.carmel.sk\/otvorenaruka\/?s={search_term_string}"},"query-input":{"@type":"PropertyValueSpecification","valueRequired":true,"valueName":"search_term_string"}}],"inLanguage":"sk-SK"}]}},"_links":{"self":[{"href":"https:\/\/www.carmel.sk\/otvorenaruka\/wp-json\/wp\/v2\/pages\/2","targetHints":{"allow":["GET"]}}],"collection":[{"href":"https:\/\/www.carmel.sk\/otvorenaruka\/wp-json\/wp\/v2\/pages"}],"about":[{"href":"https:\/\/www.carmel.sk\/otvorenaruka\/wp-json\/wp\/v2\/types\/page"}],"author":[{"embeddable":true,"href":"https:\/\/www.carmel.sk\/otvorenaruka\/wp-json\/wp\/v2\/users\/1"}],"replies":[{"embeddable":true,"href":"https:\/\/www.carmel.sk\/otvorenaruka\/wp-json\/wp\/v2\/comments?post=2"}],"version-history":[{"count":6,"href":"https:\/\/www.carmel.sk\/otvorenaruka\/wp-json\/wp\/v2\/pages\/2\/revisions"}],"predecessor-version":[{"id":71,"href":"https:\/\/www.carmel.sk\/otvorenaruka\/wp-json\/wp\/v2\/pages\/2\/revisions\/71"}],"wp:attachment":[{"href":"https:\/\/www.carmel.sk\/otvorenaruka\/wp-json\/wp\/v2\/media?parent=2"}],"curies":[{"name":"wp","href":"https:\/\/api.w.org\/{rel}","templated":true}]}}