{"id":69,"date":"2022-04-28T14:13:52","date_gmt":"2022-04-28T12:13:52","guid":{"rendered":"https:\/\/www.carmel.sk\/biblicketabory\/?page_id=69"},"modified":"2026-02-06T16:32:23","modified_gmt":"2026-02-06T15:32:23","slug":"o-nas","status":"publish","type":"page","link":"https:\/\/www.carmel.sk\/biblicketabory\/","title":{"rendered":"O n\u00e1s"},"content":{"rendered":"\n<hr class=\"wp-block-separator has-alpha-channel-opacity is-style-wide\"\/>\n\n\n\n<h2 class=\"wp-block-heading\">Darujte n\u00e1m 2% z dane<\/h2>\n\n\n\n<p>Aj tento rok n\u00e1m m\u00f4\u017eete pom\u00f4c\u0165 t\u00fdm, \u017ee n\u00e1m darujete 2% z dane. Tla\u010divo si stiahnete cez tla\u010didlo ni\u017e\u0161ie. \u010eakujeme za va\u0161u pomoc.<\/p>\n\n\n\n<div class=\"wp-block-buttons is-layout-flex wp-block-buttons-is-layout-flex\" id=\"2%carmel\">\n<div class=\"wp-block-button is-style-fill\"><a class=\"wp-block-button__link wp-element-button\" href=\"https:\/\/drive.google.com\/file\/d\/1ZshRb7v3gX0X24ihnbTtB2vUabeT5ZTA\/view?usp=sharing\">Tla\u010divo na 2% z dane za rok 2025<\/a><\/div>\n<\/div>\n\n\n\n<hr class=\"wp-block-separator has-alpha-channel-opacity is-style-wide\"\/>\n\n\n\n<p><br><strong><em>T\u00e1bory s\u00fa biblick\u00e9, \u010do znamen\u00e1, \u017ee program a n\u00e1mety hier sa in\u0161piruj\u00fa pr\u00edbehmi z Biblie.<\/em><\/strong><\/p>\n\n\n\n<h2 class=\"wp-block-heading\"><strong>\u010c\u00edm s\u00fa biblick\u00e9 t\u00e1bory in\u00e9?<\/strong><\/h2>\n\n\n\n<p>R\u00f4znymi zauj\u00edmav\u00fdmi aktivitami (hrami, pies\u0148ami, lekciami, tvoriv\u00fdmi aj pohybov\u00fdmi aktivitami), ktor\u00e9 sa sna\u017eia pribl\u00ed\u017ei\u0165 de\u0165om biblick\u00e9 pravdy. Tak, aby ich mohli vies\u0165 a aplikova\u0165 vo svojich \u017eivotoch.<\/p>\n\n\n\n<p>Aktivity s de\u0165mi&nbsp;<strong>vy\u017eaduj\u00fa ve\u013ek\u00e9 \u00fasilie<\/strong>,&nbsp;<strong>nasadenie a ochotu mnoh\u00fdch dobrovo\u013en\u00edkov<\/strong>, ktor\u00ed svoj \u010das, n\u00e1mahu a l\u00e1sku venuj\u00fa de\u0165om. Nemenej d\u00f4le\u017eit\u00ed ako samotn\u00e9 deti s\u00fa pr\u00e1ve ved\u00faci, s ktor\u00fdmi pracujeme priebe\u017ene po\u010das \u0161kolsk\u00e9ho roka.<\/p>\n\n\n\n<p>Spolo\u010dne&nbsp;<strong>chyst\u00e1me program a pl\u00e1nujeme jednotliv\u00e9 aktivity<\/strong>, sna\u017e\u00edme sa im vytv\u00e1ra\u0165 priestor na rast, podporova\u0165 ich nadanie a u\u010di\u0165 ich vz\u00e1jomnej spolupatri\u010dnosti s in\u00fdmi (de\u0165mi ale aj spoluved\u00facimi).<\/p>\n\n\n\n<p>Sme v\u010fa\u010dn\u00ed v\u0161etk\u00fdm, ktor\u00ed n\u00e1m v t\u00fdchto projektoch roky pom\u00e1haj\u00fa ak\u00fdmko\u013evek sp\u00f4sobom.<\/p>\n\n\n\n<p><strong>Financovanie t\u00e1borov\u00fdch<\/strong>&nbsp;aktiv\u00edt je zabezpe\u010dovan\u00e9 \u00fa\u010dastn\u00edkmi t\u00e1borov, ale tie\u017e pr\u00edspevkami pravideln\u00fdch darcov a finan\u010dnou podporou holandskej nad\u00e1cie Foundation HOE (Hoolp Oost-Europa). <\/p>\n\n\n\n<p>T\u00e1bory chyst\u00e1me pod neziskovou organiz\u00e1ciou Carmel centrum n.o.<\/p>\n\n\n\n<h2 class=\"wp-block-heading\"><strong>Carmel centrum n.o.<\/strong><\/h2>\n\n\n\n<p>Neziskov\u00e1 organiz\u00e1cia Carmel centrum n.o. je misijnou organiz\u00e1ciou zalo\u017eenou pod reformovan\u00fdm cirkevn\u00fdm zborom v Se\u010dovciach. Podporujeme a organizujeme misijn\u00e9 a diakonick\u00e9 aktivity pre r\u00f4zne vekov\u00e9 skupiny \u013eud\u00ed, od najmen\u0161\u00edch a\u017e po seniorov. Poskytujeme soci\u00e1lnu a duchovn\u00fa podporu cez r\u00f4zne pravideln\u00e9 \u010di nepravideln\u00e9 stretnutia, ale aj cez priamou pomoc n\u00fadznym ob\u010danom. Vytv\u00e1rame otvoren\u00fd priestor komunitn\u00e9ho centra s kaviar\u0148ou v Se\u010dovciach.<\/p>\n\n\n<div class=\"wp-block-image\">\n<figure class=\"aligncenter size-large\"><img loading=\"lazy\" decoding=\"async\" width=\"1024\" height=\"576\" src=\"https:\/\/www.carmel.sk\/biblicketabory\/wp-content\/uploads\/2022\/05\/letne-biblicke-tabory-borda-1024x576.jpg\" alt=\"\" class=\"wp-image-172\" srcset=\"https:\/\/www.carmel.sk\/biblicketabory\/wp-content\/uploads\/2022\/05\/letne-biblicke-tabory-borda-1024x576.jpg 1024w, https:\/\/www.carmel.sk\/biblicketabory\/wp-content\/uploads\/2022\/05\/letne-biblicke-tabory-borda-300x169.jpg 300w, https:\/\/www.carmel.sk\/biblicketabory\/wp-content\/uploads\/2022\/05\/letne-biblicke-tabory-borda-768x432.jpg 768w, https:\/\/www.carmel.sk\/biblicketabory\/wp-content\/uploads\/2022\/05\/letne-biblicke-tabory-borda-1536x864.jpg 1536w, https:\/\/www.carmel.sk\/biblicketabory\/wp-content\/uploads\/2022\/05\/letne-biblicke-tabory-borda.jpg 2048w\" sizes=\"auto, (max-width: 1024px) 100vw, 1024px\" \/><\/figure>\n<\/div>","protected":false},"excerpt":{"rendered":"<p>Darujte n\u00e1m 2% z dane Aj tento rok n\u00e1m m\u00f4\u017eete pom\u00f4c\u0165 t\u00fdm, \u017ee n\u00e1m darujete 2% z dane. Tla\u010divo si stiahnete cez tla\u010didlo ni\u017e\u0161ie. \u010eakujeme za va\u0161u pomoc. T\u00e1bory s\u00fa biblick\u00e9, \u010do znamen\u00e1, \u017ee program a n\u00e1mety hier sa in\u0161piruj\u00fa pr\u00edbehmi z Biblie. \u010c\u00edm s\u00fa biblick\u00e9 t\u00e1bory in\u00e9? R\u00f4znymi zauj\u00edmav\u00fdmi aktivitami (hrami, pies\u0148ami, lekciami, tvoriv\u00fdmi [&hellip;]<\/p>\n","protected":false},"author":1,"featured_media":0,"parent":0,"menu_order":0,"comment_status":"closed","ping_status":"closed","template":"","meta":{"_monsterinsights_skip_tracking":false,"_monsterinsights_sitenote_active":false,"_monsterinsights_sitenote_note":"","_monsterinsights_sitenote_category":0,"footnotes":""},"class_list":["post-69","page","type-page","status-publish","hentry"],"yoast_head":"<!-- This site is optimized with the Yoast SEO plugin v27.3 - https:\/\/yoast.com\/product\/yoast-seo-wordpress\/ -->\n<title>O n\u00e1s - Biblick\u00e9 t\u00e1bory na Borde<\/title>\n<meta name=\"robots\" content=\"index, follow, max-snippet:-1, max-image-preview:large, max-video-preview:-1\" \/>\n<link rel=\"canonical\" href=\"https:\/\/www.carmel.sk\/biblicketabory\/\" \/>\n<meta property=\"og:locale\" content=\"sk_SK\" \/>\n<meta property=\"og:type\" content=\"article\" \/>\n<meta property=\"og:title\" content=\"O n\u00e1s - Biblick\u00e9 t\u00e1bory na Borde\" \/>\n<meta property=\"og:description\" content=\"Darujte n\u00e1m 2% z dane Aj tento rok n\u00e1m m\u00f4\u017eete pom\u00f4c\u0165 t\u00fdm, \u017ee n\u00e1m darujete 2% z dane. Tla\u010divo si stiahnete cez tla\u010didlo ni\u017e\u0161ie. \u010eakujeme za va\u0161u pomoc. T\u00e1bory s\u00fa biblick\u00e9, \u010do znamen\u00e1, \u017ee program a n\u00e1mety hier sa in\u0161piruj\u00fa pr\u00edbehmi z Biblie. \u010c\u00edm s\u00fa biblick\u00e9 t\u00e1bory in\u00e9? R\u00f4znymi zauj\u00edmav\u00fdmi aktivitami (hrami, pies\u0148ami, lekciami, tvoriv\u00fdmi [&hellip;]\" \/>\n<meta property=\"og:url\" content=\"https:\/\/www.carmel.sk\/biblicketabory\/\" \/>\n<meta property=\"og:site_name\" content=\"Biblick\u00e9 t\u00e1bory na Borde\" \/>\n<meta property=\"article:modified_time\" content=\"2026-02-06T15:32:23+00:00\" \/>\n<meta property=\"og:image\" content=\"https:\/\/www.carmel.sk\/biblicketabory\/wp-content\/uploads\/2022\/05\/letne-biblicke-tabory-borda-1024x576.jpg\" \/>\n<meta name=\"twitter:card\" content=\"summary_large_image\" \/>\n<meta name=\"twitter:label1\" content=\"Predpokladan\u00fd \u010das \u010d\u00edtania\" \/>\n\t<meta name=\"twitter:data1\" content=\"2 min\u00faty\" \/>\n<script type=\"application\/ld+json\" class=\"yoast-schema-graph\">{\"@context\":\"https:\\\/\\\/schema.org\",\"@graph\":[{\"@type\":\"WebPage\",\"@id\":\"https:\\\/\\\/www.carmel.sk\\\/biblicketabory\\\/\",\"url\":\"https:\\\/\\\/www.carmel.sk\\\/biblicketabory\\\/\",\"name\":\"O n\u00e1s - Biblick\u00e9 t\u00e1bory na Borde\",\"isPartOf\":{\"@id\":\"https:\\\/\\\/www.carmel.sk\\\/biblicketabory\\\/#website\"},\"primaryImageOfPage\":{\"@id\":\"https:\\\/\\\/www.carmel.sk\\\/biblicketabory\\\/#primaryimage\"},\"image\":{\"@id\":\"https:\\\/\\\/www.carmel.sk\\\/biblicketabory\\\/#primaryimage\"},\"thumbnailUrl\":\"https:\\\/\\\/www.carmel.sk\\\/biblicketabory\\\/wp-content\\\/uploads\\\/2022\\\/05\\\/letne-biblicke-tabory-borda-1024x576.jpg\",\"datePublished\":\"2022-04-28T12:13:52+00:00\",\"dateModified\":\"2026-02-06T15:32:23+00:00\",\"breadcrumb\":{\"@id\":\"https:\\\/\\\/www.carmel.sk\\\/biblicketabory\\\/#breadcrumb\"},\"inLanguage\":\"sk-SK\",\"potentialAction\":[{\"@type\":\"ReadAction\",\"target\":[\"https:\\\/\\\/www.carmel.sk\\\/biblicketabory\\\/\"]}]},{\"@type\":\"ImageObject\",\"inLanguage\":\"sk-SK\",\"@id\":\"https:\\\/\\\/www.carmel.sk\\\/biblicketabory\\\/#primaryimage\",\"url\":\"https:\\\/\\\/www.carmel.sk\\\/biblicketabory\\\/wp-content\\\/uploads\\\/2022\\\/05\\\/letne-biblicke-tabory-borda.jpg\",\"contentUrl\":\"https:\\\/\\\/www.carmel.sk\\\/biblicketabory\\\/wp-content\\\/uploads\\\/2022\\\/05\\\/letne-biblicke-tabory-borda.jpg\",\"width\":2048,\"height\":1152},{\"@type\":\"BreadcrumbList\",\"@id\":\"https:\\\/\\\/www.carmel.sk\\\/biblicketabory\\\/#breadcrumb\",\"itemListElement\":[{\"@type\":\"ListItem\",\"position\":1,\"name\":\"Home\",\"item\":\"https:\\\/\\\/www.carmel.sk\\\/biblicketabory\\\/\"},{\"@type\":\"ListItem\",\"position\":2,\"name\":\"O n\u00e1s\"}]},{\"@type\":\"WebSite\",\"@id\":\"https:\\\/\\\/www.carmel.sk\\\/biblicketabory\\\/#website\",\"url\":\"https:\\\/\\\/www.carmel.sk\\\/biblicketabory\\\/\",\"name\":\"Biblick\u00e9 t\u00e1bory na Borde\",\"description\":\"\",\"potentialAction\":[{\"@type\":\"SearchAction\",\"target\":{\"@type\":\"EntryPoint\",\"urlTemplate\":\"https:\\\/\\\/www.carmel.sk\\\/biblicketabory\\\/?s={search_term_string}\"},\"query-input\":{\"@type\":\"PropertyValueSpecification\",\"valueRequired\":true,\"valueName\":\"search_term_string\"}}],\"inLanguage\":\"sk-SK\"}]}<\/script>\n<!-- \/ Yoast SEO plugin. -->","yoast_head_json":{"title":"O n\u00e1s - Biblick\u00e9 t\u00e1bory na Borde","robots":{"index":"index","follow":"follow","max-snippet":"max-snippet:-1","max-image-preview":"max-image-preview:large","max-video-preview":"max-video-preview:-1"},"canonical":"https:\/\/www.carmel.sk\/biblicketabory\/","og_locale":"sk_SK","og_type":"article","og_title":"O n\u00e1s - Biblick\u00e9 t\u00e1bory na Borde","og_description":"Darujte n\u00e1m 2% z dane Aj tento rok n\u00e1m m\u00f4\u017eete pom\u00f4c\u0165 t\u00fdm, \u017ee n\u00e1m darujete 2% z dane. Tla\u010divo si stiahnete cez tla\u010didlo ni\u017e\u0161ie. \u010eakujeme za va\u0161u pomoc. T\u00e1bory s\u00fa biblick\u00e9, \u010do znamen\u00e1, \u017ee program a n\u00e1mety hier sa in\u0161piruj\u00fa pr\u00edbehmi z Biblie. \u010c\u00edm s\u00fa biblick\u00e9 t\u00e1bory in\u00e9? R\u00f4znymi zauj\u00edmav\u00fdmi aktivitami (hrami, pies\u0148ami, lekciami, tvoriv\u00fdmi [&hellip;]","og_url":"https:\/\/www.carmel.sk\/biblicketabory\/","og_site_name":"Biblick\u00e9 t\u00e1bory na Borde","article_modified_time":"2026-02-06T15:32:23+00:00","og_image":[{"url":"https:\/\/www.carmel.sk\/biblicketabory\/wp-content\/uploads\/2022\/05\/letne-biblicke-tabory-borda-1024x576.jpg","type":"","width":"","height":""}],"twitter_card":"summary_large_image","twitter_misc":{"Predpokladan\u00fd \u010das \u010d\u00edtania":"2 min\u00faty"},"schema":{"@context":"https:\/\/schema.org","@graph":[{"@type":"WebPage","@id":"https:\/\/www.carmel.sk\/biblicketabory\/","url":"https:\/\/www.carmel.sk\/biblicketabory\/","name":"O n\u00e1s - Biblick\u00e9 t\u00e1bory na Borde","isPartOf":{"@id":"https:\/\/www.carmel.sk\/biblicketabory\/#website"},"primaryImageOfPage":{"@id":"https:\/\/www.carmel.sk\/biblicketabory\/#primaryimage"},"image":{"@id":"https:\/\/www.carmel.sk\/biblicketabory\/#primaryimage"},"thumbnailUrl":"https:\/\/www.carmel.sk\/biblicketabory\/wp-content\/uploads\/2022\/05\/letne-biblicke-tabory-borda-1024x576.jpg","datePublished":"2022-04-28T12:13:52+00:00","dateModified":"2026-02-06T15:32:23+00:00","breadcrumb":{"@id":"https:\/\/www.carmel.sk\/biblicketabory\/#breadcrumb"},"inLanguage":"sk-SK","potentialAction":[{"@type":"ReadAction","target":["https:\/\/www.carmel.sk\/biblicketabory\/"]}]},{"@type":"ImageObject","inLanguage":"sk-SK","@id":"https:\/\/www.carmel.sk\/biblicketabory\/#primaryimage","url":"https:\/\/www.carmel.sk\/biblicketabory\/wp-content\/uploads\/2022\/05\/letne-biblicke-tabory-borda.jpg","contentUrl":"https:\/\/www.carmel.sk\/biblicketabory\/wp-content\/uploads\/2022\/05\/letne-biblicke-tabory-borda.jpg","width":2048,"height":1152},{"@type":"BreadcrumbList","@id":"https:\/\/www.carmel.sk\/biblicketabory\/#breadcrumb","itemListElement":[{"@type":"ListItem","position":1,"name":"Home","item":"https:\/\/www.carmel.sk\/biblicketabory\/"},{"@type":"ListItem","position":2,"name":"O n\u00e1s"}]},{"@type":"WebSite","@id":"https:\/\/www.carmel.sk\/biblicketabory\/#website","url":"https:\/\/www.carmel.sk\/biblicketabory\/","name":"Biblick\u00e9 t\u00e1bory na Borde","description":"","potentialAction":[{"@type":"SearchAction","target":{"@type":"EntryPoint","urlTemplate":"https:\/\/www.carmel.sk\/biblicketabory\/?s={search_term_string}"},"query-input":{"@type":"PropertyValueSpecification","valueRequired":true,"valueName":"search_term_string"}}],"inLanguage":"sk-SK"}]}},"_links":{"self":[{"href":"https:\/\/www.carmel.sk\/biblicketabory\/index.php\/wp-json\/wp\/v2\/pages\/69","targetHints":{"allow":["GET"]}}],"collection":[{"href":"https:\/\/www.carmel.sk\/biblicketabory\/index.php\/wp-json\/wp\/v2\/pages"}],"about":[{"href":"https:\/\/www.carmel.sk\/biblicketabory\/index.php\/wp-json\/wp\/v2\/types\/page"}],"author":[{"embeddable":true,"href":"https:\/\/www.carmel.sk\/biblicketabory\/index.php\/wp-json\/wp\/v2\/users\/1"}],"replies":[{"embeddable":true,"href":"https:\/\/www.carmel.sk\/biblicketabory\/index.php\/wp-json\/wp\/v2\/comments?post=69"}],"version-history":[{"count":6,"href":"https:\/\/www.carmel.sk\/biblicketabory\/index.php\/wp-json\/wp\/v2\/pages\/69\/revisions"}],"predecessor-version":[{"id":453,"href":"https:\/\/www.carmel.sk\/biblicketabory\/index.php\/wp-json\/wp\/v2\/pages\/69\/revisions\/453"}],"wp:attachment":[{"href":"https:\/\/www.carmel.sk\/biblicketabory\/index.php\/wp-json\/wp\/v2\/media?parent=69"}],"curies":[{"name":"wp","href":"https:\/\/api.w.org\/{rel}","templated":true}]}}