{"id":48,"date":"2022-04-28T13:29:32","date_gmt":"2022-04-28T11:29:32","guid":{"rendered":"https:\/\/www.carmel.sk\/biblicketabory\/?page_id=48"},"modified":"2023-03-26T09:48:06","modified_gmt":"2023-03-26T07:48:06","slug":"galeria","status":"publish","type":"page","link":"https:\/\/www.carmel.sk\/biblicketabory\/index.php\/galeria\/","title":{"rendered":"Gal\u00e9ria"},"content":{"rendered":"\n<figure class=\"wp-block-gallery has-nested-images columns-default is-cropped wp-block-gallery-1 is-layout-flex wp-block-gallery-is-layout-flex\">\n<figure class=\"wp-block-image size-large\"><img loading=\"lazy\" decoding=\"async\" width=\"768\" height=\"1024\" data-id=\"210\" src=\"https:\/\/www.carmel.sk\/biblicketabory\/wp-content\/uploads\/2023\/03\/Tabor-3-1-768x1024.jpg\" alt=\"\" class=\"wp-image-210\" srcset=\"https:\/\/www.carmel.sk\/biblicketabory\/wp-content\/uploads\/2023\/03\/Tabor-3-1-768x1025.jpg 768w, https:\/\/www.carmel.sk\/biblicketabory\/wp-content\/uploads\/2023\/03\/Tabor-3-1-225x300.jpg 225w, https:\/\/www.carmel.sk\/biblicketabory\/wp-content\/uploads\/2023\/03\/Tabor-3-1.jpg 889w\" sizes=\"auto, (max-width: 768px) 100vw, 768px\" \/><\/figure>\n\n\n\n<figure class=\"wp-block-image size-large\"><img loading=\"lazy\" decoding=\"async\" width=\"768\" height=\"1024\" data-id=\"211\" src=\"https:\/\/www.carmel.sk\/biblicketabory\/wp-content\/uploads\/2023\/03\/Tabor-5-1-768x1024.jpg\" alt=\"\" class=\"wp-image-211\" srcset=\"https:\/\/www.carmel.sk\/biblicketabory\/wp-content\/uploads\/2023\/03\/Tabor-5-1-768x1024.jpg 768w, https:\/\/www.carmel.sk\/biblicketabory\/wp-content\/uploads\/2023\/03\/Tabor-5-1-225x300.jpg 225w, https:\/\/www.carmel.sk\/biblicketabory\/wp-content\/uploads\/2023\/03\/Tabor-5-1.jpg 772w\" sizes=\"auto, (max-width: 768px) 100vw, 768px\" \/><\/figure>\n\n\n\n<figure class=\"wp-block-image size-large\"><img loading=\"lazy\" decoding=\"async\" width=\"768\" height=\"1024\" data-id=\"212\" src=\"https:\/\/www.carmel.sk\/biblicketabory\/wp-content\/uploads\/2023\/03\/Tabor-4-1-768x1024.jpg\" alt=\"\" class=\"wp-image-212\" srcset=\"https:\/\/www.carmel.sk\/biblicketabory\/wp-content\/uploads\/2023\/03\/Tabor-4-1-768x1024.jpg 768w, https:\/\/www.carmel.sk\/biblicketabory\/wp-content\/uploads\/2023\/03\/Tabor-4-1-225x300.jpg 225w, https:\/\/www.carmel.sk\/biblicketabory\/wp-content\/uploads\/2023\/03\/Tabor-4-1-1152x1536.jpg 1152w, https:\/\/www.carmel.sk\/biblicketabory\/wp-content\/uploads\/2023\/03\/Tabor-4-1.jpg 1536w\" sizes=\"auto, (max-width: 768px) 100vw, 768px\" \/><\/figure>\n\n\n\n<figure class=\"wp-block-image size-large\"><img loading=\"lazy\" decoding=\"async\" width=\"768\" height=\"1024\" data-id=\"214\" src=\"https:\/\/www.carmel.sk\/biblicketabory\/wp-content\/uploads\/2023\/03\/Tabor-2-1-768x1024.jpg\" alt=\"\" class=\"wp-image-214\" srcset=\"https:\/\/www.carmel.sk\/biblicketabory\/wp-content\/uploads\/2023\/03\/Tabor-2-1-768x1024.jpg 768w, https:\/\/www.carmel.sk\/biblicketabory\/wp-content\/uploads\/2023\/03\/Tabor-2-1-225x300.jpg 225w, https:\/\/www.carmel.sk\/biblicketabory\/wp-content\/uploads\/2023\/03\/Tabor-2-1.jpg 873w\" sizes=\"auto, (max-width: 768px) 100vw, 768px\" \/><\/figure>\n\n\n\n<figure class=\"wp-block-image size-large\"><img loading=\"lazy\" decoding=\"async\" width=\"768\" height=\"1024\" data-id=\"213\" src=\"https:\/\/www.carmel.sk\/biblicketabory\/wp-content\/uploads\/2023\/03\/Tabor-1-1-768x1024.jpg\" alt=\"\" class=\"wp-image-213\" srcset=\"https:\/\/www.carmel.sk\/biblicketabory\/wp-content\/uploads\/2023\/03\/Tabor-1-1-768x1024.jpg 768w, https:\/\/www.carmel.sk\/biblicketabory\/wp-content\/uploads\/2023\/03\/Tabor-1-1-225x300.jpg 225w, https:\/\/www.carmel.sk\/biblicketabory\/wp-content\/uploads\/2023\/03\/Tabor-1-1.jpg 822w\" sizes=\"auto, (max-width: 768px) 100vw, 768px\" \/><\/figure>\n<\/figure>\n\n\n\n<hr class=\"wp-block-separator is-style-dots\"\/>\n\n\n\n<figure class=\"wp-block-gallery has-nested-images columns-default is-cropped wp-block-gallery-2 is-layout-flex wp-block-gallery-is-layout-flex\">\n<figure class=\"wp-block-image size-large\"><img loading=\"lazy\" decoding=\"async\" width=\"1024\" height=\"681\" data-id=\"143\" src=\"https:\/\/www.carmel.sk\/biblicketabory\/wp-content\/uploads\/2022\/05\/DSC01030-1024x681.jpg\" alt=\"\" class=\"wp-image-143\" srcset=\"https:\/\/www.carmel.sk\/biblicketabory\/wp-content\/uploads\/2022\/05\/DSC01030-1024x681.jpg 1024w, https:\/\/www.carmel.sk\/biblicketabory\/wp-content\/uploads\/2022\/05\/DSC01030-300x200.jpg 300w, https:\/\/www.carmel.sk\/biblicketabory\/wp-content\/uploads\/2022\/05\/DSC01030-768x511.jpg 768w, https:\/\/www.carmel.sk\/biblicketabory\/wp-content\/uploads\/2022\/05\/DSC01030-1536x1022.jpg 1536w, https:\/\/www.carmel.sk\/biblicketabory\/wp-content\/uploads\/2022\/05\/DSC01030-2048x1363.jpg 2048w\" sizes=\"auto, (max-width: 1024px) 100vw, 1024px\" \/><\/figure>\n\n\n\n<figure class=\"wp-block-image size-large\"><img loading=\"lazy\" decoding=\"async\" width=\"1024\" height=\"681\" data-id=\"152\" src=\"https:\/\/www.carmel.sk\/biblicketabory\/wp-content\/uploads\/2022\/05\/DSC01072-1024x681.jpg\" alt=\"\" class=\"wp-image-152\" srcset=\"https:\/\/www.carmel.sk\/biblicketabory\/wp-content\/uploads\/2022\/05\/DSC01072-1024x681.jpg 1024w, https:\/\/www.carmel.sk\/biblicketabory\/wp-content\/uploads\/2022\/05\/DSC01072-300x200.jpg 300w, https:\/\/www.carmel.sk\/biblicketabory\/wp-content\/uploads\/2022\/05\/DSC01072-768x511.jpg 768w, https:\/\/www.carmel.sk\/biblicketabory\/wp-content\/uploads\/2022\/05\/DSC01072-1536x1022.jpg 1536w, https:\/\/www.carmel.sk\/biblicketabory\/wp-content\/uploads\/2022\/05\/DSC01072-2048x1363.jpg 2048w\" sizes=\"auto, (max-width: 1024px) 100vw, 1024px\" \/><\/figure>\n\n\n\n<figure class=\"wp-block-image size-large\"><img loading=\"lazy\" decoding=\"async\" width=\"1024\" height=\"681\" data-id=\"146\" src=\"https:\/\/www.carmel.sk\/biblicketabory\/wp-content\/uploads\/2022\/05\/DSC01151-1024x681.jpg\" alt=\"\" class=\"wp-image-146\" srcset=\"https:\/\/www.carmel.sk\/biblicketabory\/wp-content\/uploads\/2022\/05\/DSC01151-1024x681.jpg 1024w, https:\/\/www.carmel.sk\/biblicketabory\/wp-content\/uploads\/2022\/05\/DSC01151-300x200.jpg 300w, https:\/\/www.carmel.sk\/biblicketabory\/wp-content\/uploads\/2022\/05\/DSC01151-768x511.jpg 768w, https:\/\/www.carmel.sk\/biblicketabory\/wp-content\/uploads\/2022\/05\/DSC01151-1536x1022.jpg 1536w, https:\/\/www.carmel.sk\/biblicketabory\/wp-content\/uploads\/2022\/05\/DSC01151-2048x1363.jpg 2048w\" sizes=\"auto, (max-width: 1024px) 100vw, 1024px\" \/><\/figure>\n\n\n\n<figure class=\"wp-block-image size-large\"><img loading=\"lazy\" decoding=\"async\" width=\"1024\" height=\"681\" data-id=\"142\" src=\"https:\/\/www.carmel.sk\/biblicketabory\/wp-content\/uploads\/2022\/05\/DSC01197-1024x681.jpg\" alt=\"\" class=\"wp-image-142\" srcset=\"https:\/\/www.carmel.sk\/biblicketabory\/wp-content\/uploads\/2022\/05\/DSC01197-1024x681.jpg 1024w, https:\/\/www.carmel.sk\/biblicketabory\/wp-content\/uploads\/2022\/05\/DSC01197-300x200.jpg 300w, https:\/\/www.carmel.sk\/biblicketabory\/wp-content\/uploads\/2022\/05\/DSC01197-768x511.jpg 768w, https:\/\/www.carmel.sk\/biblicketabory\/wp-content\/uploads\/2022\/05\/DSC01197-1536x1022.jpg 1536w, https:\/\/www.carmel.sk\/biblicketabory\/wp-content\/uploads\/2022\/05\/DSC01197-2048x1363.jpg 2048w\" sizes=\"auto, (max-width: 1024px) 100vw, 1024px\" \/><\/figure>\n\n\n\n<figure class=\"wp-block-image size-large\"><img loading=\"lazy\" decoding=\"async\" width=\"1024\" height=\"681\" data-id=\"148\" src=\"https:\/\/www.carmel.sk\/biblicketabory\/wp-content\/uploads\/2022\/05\/DSC01259-1024x681.jpg\" alt=\"\" class=\"wp-image-148\" srcset=\"https:\/\/www.carmel.sk\/biblicketabory\/wp-content\/uploads\/2022\/05\/DSC01259-1024x681.jpg 1024w, https:\/\/www.carmel.sk\/biblicketabory\/wp-content\/uploads\/2022\/05\/DSC01259-300x200.jpg 300w, https:\/\/www.carmel.sk\/biblicketabory\/wp-content\/uploads\/2022\/05\/DSC01259-768x511.jpg 768w, https:\/\/www.carmel.sk\/biblicketabory\/wp-content\/uploads\/2022\/05\/DSC01259-1536x1022.jpg 1536w, https:\/\/www.carmel.sk\/biblicketabory\/wp-content\/uploads\/2022\/05\/DSC01259-2048x1363.jpg 2048w\" sizes=\"auto, (max-width: 1024px) 100vw, 1024px\" \/><\/figure>\n\n\n\n<figure class=\"wp-block-image size-large\"><img loading=\"lazy\" decoding=\"async\" width=\"1024\" height=\"681\" data-id=\"144\" src=\"https:\/\/www.carmel.sk\/biblicketabory\/wp-content\/uploads\/2022\/05\/DSC01261-1024x681.jpg\" alt=\"\" class=\"wp-image-144\" srcset=\"https:\/\/www.carmel.sk\/biblicketabory\/wp-content\/uploads\/2022\/05\/DSC01261-1024x681.jpg 1024w, https:\/\/www.carmel.sk\/biblicketabory\/wp-content\/uploads\/2022\/05\/DSC01261-300x200.jpg 300w, https:\/\/www.carmel.sk\/biblicketabory\/wp-content\/uploads\/2022\/05\/DSC01261-768x511.jpg 768w, https:\/\/www.carmel.sk\/biblicketabory\/wp-content\/uploads\/2022\/05\/DSC01261-1536x1022.jpg 1536w, https:\/\/www.carmel.sk\/biblicketabory\/wp-content\/uploads\/2022\/05\/DSC01261-2048x1363.jpg 2048w\" sizes=\"auto, (max-width: 1024px) 100vw, 1024px\" \/><\/figure>\n\n\n\n<figure class=\"wp-block-image size-large\"><img loading=\"lazy\" decoding=\"async\" width=\"1024\" height=\"681\" data-id=\"145\" src=\"https:\/\/www.carmel.sk\/biblicketabory\/wp-content\/uploads\/2022\/05\/DSC01443-1024x681.jpg\" alt=\"\" class=\"wp-image-145\" srcset=\"https:\/\/www.carmel.sk\/biblicketabory\/wp-content\/uploads\/2022\/05\/DSC01443-1024x681.jpg 1024w, https:\/\/www.carmel.sk\/biblicketabory\/wp-content\/uploads\/2022\/05\/DSC01443-300x200.jpg 300w, https:\/\/www.carmel.sk\/biblicketabory\/wp-content\/uploads\/2022\/05\/DSC01443-768x511.jpg 768w, https:\/\/www.carmel.sk\/biblicketabory\/wp-content\/uploads\/2022\/05\/DSC01443-1536x1022.jpg 1536w, https:\/\/www.carmel.sk\/biblicketabory\/wp-content\/uploads\/2022\/05\/DSC01443-2048x1363.jpg 2048w\" sizes=\"auto, (max-width: 1024px) 100vw, 1024px\" \/><\/figure>\n\n\n\n<figure class=\"wp-block-image size-large\"><img loading=\"lazy\" decoding=\"async\" width=\"1024\" height=\"681\" data-id=\"147\" src=\"https:\/\/www.carmel.sk\/biblicketabory\/wp-content\/uploads\/2022\/05\/DSC01713-1024x681.jpg\" alt=\"\" class=\"wp-image-147\" srcset=\"https:\/\/www.carmel.sk\/biblicketabory\/wp-content\/uploads\/2022\/05\/DSC01713-1024x681.jpg 1024w, https:\/\/www.carmel.sk\/biblicketabory\/wp-content\/uploads\/2022\/05\/DSC01713-300x200.jpg 300w, https:\/\/www.carmel.sk\/biblicketabory\/wp-content\/uploads\/2022\/05\/DSC01713-768x511.jpg 768w, https:\/\/www.carmel.sk\/biblicketabory\/wp-content\/uploads\/2022\/05\/DSC01713-1536x1022.jpg 1536w, https:\/\/www.carmel.sk\/biblicketabory\/wp-content\/uploads\/2022\/05\/DSC01713-2048x1363.jpg 2048w\" sizes=\"auto, (max-width: 1024px) 100vw, 1024px\" \/><\/figure>\n\n\n\n<figure class=\"wp-block-image size-large\"><img loading=\"lazy\" decoding=\"async\" width=\"1024\" height=\"681\" data-id=\"149\" src=\"https:\/\/www.carmel.sk\/biblicketabory\/wp-content\/uploads\/2022\/05\/DSC01919-1024x681.jpg\" alt=\"\" class=\"wp-image-149\" srcset=\"https:\/\/www.carmel.sk\/biblicketabory\/wp-content\/uploads\/2022\/05\/DSC01919-1024x681.jpg 1024w, https:\/\/www.carmel.sk\/biblicketabory\/wp-content\/uploads\/2022\/05\/DSC01919-300x200.jpg 300w, https:\/\/www.carmel.sk\/biblicketabory\/wp-content\/uploads\/2022\/05\/DSC01919-768x511.jpg 768w, https:\/\/www.carmel.sk\/biblicketabory\/wp-content\/uploads\/2022\/05\/DSC01919-1536x1022.jpg 1536w, https:\/\/www.carmel.sk\/biblicketabory\/wp-content\/uploads\/2022\/05\/DSC01919-2048x1363.jpg 2048w\" sizes=\"auto, (max-width: 1024px) 100vw, 1024px\" \/><\/figure>\n\n\n\n<figure class=\"wp-block-image size-large\"><img loading=\"lazy\" decoding=\"async\" width=\"1024\" height=\"681\" data-id=\"150\" src=\"https:\/\/www.carmel.sk\/biblicketabory\/wp-content\/uploads\/2022\/05\/DSC01934-1024x681.jpg\" alt=\"\" class=\"wp-image-150\" srcset=\"https:\/\/www.carmel.sk\/biblicketabory\/wp-content\/uploads\/2022\/05\/DSC01934-1024x681.jpg 1024w, https:\/\/www.carmel.sk\/biblicketabory\/wp-content\/uploads\/2022\/05\/DSC01934-300x200.jpg 300w, https:\/\/www.carmel.sk\/biblicketabory\/wp-content\/uploads\/2022\/05\/DSC01934-768x511.jpg 768w, https:\/\/www.carmel.sk\/biblicketabory\/wp-content\/uploads\/2022\/05\/DSC01934-1536x1022.jpg 1536w, https:\/\/www.carmel.sk\/biblicketabory\/wp-content\/uploads\/2022\/05\/DSC01934-2048x1363.jpg 2048w\" sizes=\"auto, (max-width: 1024px) 100vw, 1024px\" \/><\/figure>\n\n\n\n<figure class=\"wp-block-image size-large\"><img loading=\"lazy\" decoding=\"async\" width=\"1024\" height=\"683\" data-id=\"139\" src=\"https:\/\/www.carmel.sk\/biblicketabory\/wp-content\/uploads\/2022\/05\/IMG_4050-1024x683.jpg\" alt=\"\" class=\"wp-image-139\" srcset=\"https:\/\/www.carmel.sk\/biblicketabory\/wp-content\/uploads\/2022\/05\/IMG_4050-1024x683.jpg 1024w, https:\/\/www.carmel.sk\/biblicketabory\/wp-content\/uploads\/2022\/05\/IMG_4050-300x200.jpg 300w, https:\/\/www.carmel.sk\/biblicketabory\/wp-content\/uploads\/2022\/05\/IMG_4050-768x512.jpg 768w, https:\/\/www.carmel.sk\/biblicketabory\/wp-content\/uploads\/2022\/05\/IMG_4050-1536x1024.jpg 1536w, https:\/\/www.carmel.sk\/biblicketabory\/wp-content\/uploads\/2022\/05\/IMG_4050-2048x1365.jpg 2048w\" sizes=\"auto, (max-width: 1024px) 100vw, 1024px\" \/><\/figure>\n\n\n\n<figure class=\"wp-block-image size-large\"><img loading=\"lazy\" decoding=\"async\" width=\"1024\" height=\"663\" data-id=\"140\" src=\"https:\/\/www.carmel.sk\/biblicketabory\/wp-content\/uploads\/2022\/05\/IMG_4265-1024x663.jpg\" alt=\"\" class=\"wp-image-140\" srcset=\"https:\/\/www.carmel.sk\/biblicketabory\/wp-content\/uploads\/2022\/05\/IMG_4265-1024x663.jpg 1024w, https:\/\/www.carmel.sk\/biblicketabory\/wp-content\/uploads\/2022\/05\/IMG_4265-300x194.jpg 300w, https:\/\/www.carmel.sk\/biblicketabory\/wp-content\/uploads\/2022\/05\/IMG_4265-768x497.jpg 768w, https:\/\/www.carmel.sk\/biblicketabory\/wp-content\/uploads\/2022\/05\/IMG_4265-1536x995.jpg 1536w, https:\/\/www.carmel.sk\/biblicketabory\/wp-content\/uploads\/2022\/05\/IMG_4265-2048x1326.jpg 2048w\" sizes=\"auto, (max-width: 1024px) 100vw, 1024px\" \/><\/figure>\n\n\n\n<figure class=\"wp-block-image size-large\"><img loading=\"lazy\" decoding=\"async\" width=\"1024\" height=\"615\" data-id=\"141\" src=\"https:\/\/www.carmel.sk\/biblicketabory\/wp-content\/uploads\/2022\/05\/IMG_4377-1024x615.jpg\" alt=\"\" class=\"wp-image-141\" srcset=\"https:\/\/www.carmel.sk\/biblicketabory\/wp-content\/uploads\/2022\/05\/IMG_4377-1024x615.jpg 1024w, https:\/\/www.carmel.sk\/biblicketabory\/wp-content\/uploads\/2022\/05\/IMG_4377-300x180.jpg 300w, https:\/\/www.carmel.sk\/biblicketabory\/wp-content\/uploads\/2022\/05\/IMG_4377-768x461.jpg 768w, https:\/\/www.carmel.sk\/biblicketabory\/wp-content\/uploads\/2022\/05\/IMG_4377-1536x923.jpg 1536w, https:\/\/www.carmel.sk\/biblicketabory\/wp-content\/uploads\/2022\/05\/IMG_4377-2048x1230.jpg 2048w\" sizes=\"auto, (max-width: 1024px) 100vw, 1024px\" \/><\/figure>\n<\/figure>\n","protected":false},"excerpt":{"rendered":"","protected":false},"author":1,"featured_media":66,"parent":0,"menu_order":0,"comment_status":"closed","ping_status":"closed","template":"","meta":{"_monsterinsights_skip_tracking":false,"_monsterinsights_sitenote_active":false,"_monsterinsights_sitenote_note":"","_monsterinsights_sitenote_category":0,"footnotes":""},"class_list":["post-48","page","type-page","status-publish","has-post-thumbnail","hentry"],"yoast_head":"<!-- This site is optimized with the Yoast SEO plugin v27.3 - https:\/\/yoast.com\/product\/yoast-seo-wordpress\/ -->\n<title>Gal\u00e9ria - Biblick\u00e9 t\u00e1bory na Borde<\/title>\n<meta name=\"robots\" content=\"index, follow, max-snippet:-1, max-image-preview:large, max-video-preview:-1\" \/>\n<link rel=\"canonical\" href=\"https:\/\/www.carmel.sk\/biblicketabory\/index.php\/galeria\/\" \/>\n<meta property=\"og:locale\" content=\"sk_SK\" \/>\n<meta property=\"og:type\" content=\"article\" \/>\n<meta property=\"og:title\" content=\"Gal\u00e9ria - Biblick\u00e9 t\u00e1bory na Borde\" \/>\n<meta property=\"og:url\" content=\"https:\/\/www.carmel.sk\/biblicketabory\/index.php\/galeria\/\" \/>\n<meta property=\"og:site_name\" content=\"Biblick\u00e9 t\u00e1bory na Borde\" \/>\n<meta property=\"article:modified_time\" content=\"2023-03-26T07:48:06+00:00\" \/>\n<meta property=\"og:image\" content=\"https:\/\/www.carmel.sk\/biblicketabory\/wp-content\/uploads\/2022\/04\/kids-children-running-meadow-summer-s-sunlight-scaled.jpg\" \/>\n\t<meta property=\"og:image:width\" content=\"2560\" \/>\n\t<meta property=\"og:image:height\" content=\"1707\" \/>\n\t<meta property=\"og:image:type\" content=\"image\/jpeg\" \/>\n<meta name=\"twitter:card\" content=\"summary_large_image\" \/>\n<meta name=\"twitter:label1\" content=\"Predpokladan\u00fd \u010das \u010d\u00edtania\" \/>\n\t<meta name=\"twitter:data1\" content=\"4 min\u00faty\" \/>\n<script type=\"application\/ld+json\" class=\"yoast-schema-graph\">{\"@context\":\"https:\\\/\\\/schema.org\",\"@graph\":[{\"@type\":\"WebPage\",\"@id\":\"https:\\\/\\\/www.carmel.sk\\\/biblicketabory\\\/index.php\\\/galeria\\\/\",\"url\":\"https:\\\/\\\/www.carmel.sk\\\/biblicketabory\\\/index.php\\\/galeria\\\/\",\"name\":\"Gal\u00e9ria - Biblick\u00e9 t\u00e1bory na Borde\",\"isPartOf\":{\"@id\":\"https:\\\/\\\/www.carmel.sk\\\/biblicketabory\\\/#website\"},\"primaryImageOfPage\":{\"@id\":\"https:\\\/\\\/www.carmel.sk\\\/biblicketabory\\\/index.php\\\/galeria\\\/#primaryimage\"},\"image\":{\"@id\":\"https:\\\/\\\/www.carmel.sk\\\/biblicketabory\\\/index.php\\\/galeria\\\/#primaryimage\"},\"thumbnailUrl\":\"https:\\\/\\\/www.carmel.sk\\\/biblicketabory\\\/wp-content\\\/uploads\\\/2022\\\/04\\\/kids-children-running-meadow-summer-s-sunlight-scaled.jpg\",\"datePublished\":\"2022-04-28T11:29:32+00:00\",\"dateModified\":\"2023-03-26T07:48:06+00:00\",\"breadcrumb\":{\"@id\":\"https:\\\/\\\/www.carmel.sk\\\/biblicketabory\\\/index.php\\\/galeria\\\/#breadcrumb\"},\"inLanguage\":\"sk-SK\",\"potentialAction\":[{\"@type\":\"ReadAction\",\"target\":[\"https:\\\/\\\/www.carmel.sk\\\/biblicketabory\\\/index.php\\\/galeria\\\/\"]}]},{\"@type\":\"ImageObject\",\"inLanguage\":\"sk-SK\",\"@id\":\"https:\\\/\\\/www.carmel.sk\\\/biblicketabory\\\/index.php\\\/galeria\\\/#primaryimage\",\"url\":\"https:\\\/\\\/www.carmel.sk\\\/biblicketabory\\\/wp-content\\\/uploads\\\/2022\\\/04\\\/kids-children-running-meadow-summer-s-sunlight-scaled.jpg\",\"contentUrl\":\"https:\\\/\\\/www.carmel.sk\\\/biblicketabory\\\/wp-content\\\/uploads\\\/2022\\\/04\\\/kids-children-running-meadow-summer-s-sunlight-scaled.jpg\",\"width\":2560,\"height\":1707,\"caption\":\"Kids, children running on meadow in summer's sunlight. Look happy, cheerful with sincere bright emotions. Cute caucasian boys and girls. Concept of childhood, happiness, movement, family and summer.\"},{\"@type\":\"BreadcrumbList\",\"@id\":\"https:\\\/\\\/www.carmel.sk\\\/biblicketabory\\\/index.php\\\/galeria\\\/#breadcrumb\",\"itemListElement\":[{\"@type\":\"ListItem\",\"position\":1,\"name\":\"Home\",\"item\":\"https:\\\/\\\/www.carmel.sk\\\/biblicketabory\\\/\"},{\"@type\":\"ListItem\",\"position\":2,\"name\":\"Gal\u00e9ria\"}]},{\"@type\":\"WebSite\",\"@id\":\"https:\\\/\\\/www.carmel.sk\\\/biblicketabory\\\/#website\",\"url\":\"https:\\\/\\\/www.carmel.sk\\\/biblicketabory\\\/\",\"name\":\"Biblick\u00e9 t\u00e1bory na Borde\",\"description\":\"\",\"potentialAction\":[{\"@type\":\"SearchAction\",\"target\":{\"@type\":\"EntryPoint\",\"urlTemplate\":\"https:\\\/\\\/www.carmel.sk\\\/biblicketabory\\\/?s={search_term_string}\"},\"query-input\":{\"@type\":\"PropertyValueSpecification\",\"valueRequired\":true,\"valueName\":\"search_term_string\"}}],\"inLanguage\":\"sk-SK\"}]}<\/script>\n<!-- \/ Yoast SEO plugin. -->","yoast_head_json":{"title":"Gal\u00e9ria - Biblick\u00e9 t\u00e1bory na Borde","robots":{"index":"index","follow":"follow","max-snippet":"max-snippet:-1","max-image-preview":"max-image-preview:large","max-video-preview":"max-video-preview:-1"},"canonical":"https:\/\/www.carmel.sk\/biblicketabory\/index.php\/galeria\/","og_locale":"sk_SK","og_type":"article","og_title":"Gal\u00e9ria - Biblick\u00e9 t\u00e1bory na Borde","og_url":"https:\/\/www.carmel.sk\/biblicketabory\/index.php\/galeria\/","og_site_name":"Biblick\u00e9 t\u00e1bory na Borde","article_modified_time":"2023-03-26T07:48:06+00:00","og_image":[{"width":2560,"height":1707,"url":"https:\/\/www.carmel.sk\/biblicketabory\/wp-content\/uploads\/2022\/04\/kids-children-running-meadow-summer-s-sunlight-scaled.jpg","type":"image\/jpeg"}],"twitter_card":"summary_large_image","twitter_misc":{"Predpokladan\u00fd \u010das \u010d\u00edtania":"4 min\u00faty"},"schema":{"@context":"https:\/\/schema.org","@graph":[{"@type":"WebPage","@id":"https:\/\/www.carmel.sk\/biblicketabory\/index.php\/galeria\/","url":"https:\/\/www.carmel.sk\/biblicketabory\/index.php\/galeria\/","name":"Gal\u00e9ria - Biblick\u00e9 t\u00e1bory na Borde","isPartOf":{"@id":"https:\/\/www.carmel.sk\/biblicketabory\/#website"},"primaryImageOfPage":{"@id":"https:\/\/www.carmel.sk\/biblicketabory\/index.php\/galeria\/#primaryimage"},"image":{"@id":"https:\/\/www.carmel.sk\/biblicketabory\/index.php\/galeria\/#primaryimage"},"thumbnailUrl":"https:\/\/www.carmel.sk\/biblicketabory\/wp-content\/uploads\/2022\/04\/kids-children-running-meadow-summer-s-sunlight-scaled.jpg","datePublished":"2022-04-28T11:29:32+00:00","dateModified":"2023-03-26T07:48:06+00:00","breadcrumb":{"@id":"https:\/\/www.carmel.sk\/biblicketabory\/index.php\/galeria\/#breadcrumb"},"inLanguage":"sk-SK","potentialAction":[{"@type":"ReadAction","target":["https:\/\/www.carmel.sk\/biblicketabory\/index.php\/galeria\/"]}]},{"@type":"ImageObject","inLanguage":"sk-SK","@id":"https:\/\/www.carmel.sk\/biblicketabory\/index.php\/galeria\/#primaryimage","url":"https:\/\/www.carmel.sk\/biblicketabory\/wp-content\/uploads\/2022\/04\/kids-children-running-meadow-summer-s-sunlight-scaled.jpg","contentUrl":"https:\/\/www.carmel.sk\/biblicketabory\/wp-content\/uploads\/2022\/04\/kids-children-running-meadow-summer-s-sunlight-scaled.jpg","width":2560,"height":1707,"caption":"Kids, children running on meadow in summer's sunlight. Look happy, cheerful with sincere bright emotions. Cute caucasian boys and girls. Concept of childhood, happiness, movement, family and summer."},{"@type":"BreadcrumbList","@id":"https:\/\/www.carmel.sk\/biblicketabory\/index.php\/galeria\/#breadcrumb","itemListElement":[{"@type":"ListItem","position":1,"name":"Home","item":"https:\/\/www.carmel.sk\/biblicketabory\/"},{"@type":"ListItem","position":2,"name":"Gal\u00e9ria"}]},{"@type":"WebSite","@id":"https:\/\/www.carmel.sk\/biblicketabory\/#website","url":"https:\/\/www.carmel.sk\/biblicketabory\/","name":"Biblick\u00e9 t\u00e1bory na Borde","description":"","potentialAction":[{"@type":"SearchAction","target":{"@type":"EntryPoint","urlTemplate":"https:\/\/www.carmel.sk\/biblicketabory\/?s={search_term_string}"},"query-input":{"@type":"PropertyValueSpecification","valueRequired":true,"valueName":"search_term_string"}}],"inLanguage":"sk-SK"}]}},"_links":{"self":[{"href":"https:\/\/www.carmel.sk\/biblicketabory\/index.php\/wp-json\/wp\/v2\/pages\/48","targetHints":{"allow":["GET"]}}],"collection":[{"href":"https:\/\/www.carmel.sk\/biblicketabory\/index.php\/wp-json\/wp\/v2\/pages"}],"about":[{"href":"https:\/\/www.carmel.sk\/biblicketabory\/index.php\/wp-json\/wp\/v2\/types\/page"}],"author":[{"embeddable":true,"href":"https:\/\/www.carmel.sk\/biblicketabory\/index.php\/wp-json\/wp\/v2\/users\/1"}],"replies":[{"embeddable":true,"href":"https:\/\/www.carmel.sk\/biblicketabory\/index.php\/wp-json\/wp\/v2\/comments?post=48"}],"version-history":[{"count":3,"href":"https:\/\/www.carmel.sk\/biblicketabory\/index.php\/wp-json\/wp\/v2\/pages\/48\/revisions"}],"predecessor-version":[{"id":215,"href":"https:\/\/www.carmel.sk\/biblicketabory\/index.php\/wp-json\/wp\/v2\/pages\/48\/revisions\/215"}],"wp:featuredmedia":[{"embeddable":true,"href":"https:\/\/www.carmel.sk\/biblicketabory\/index.php\/wp-json\/wp\/v2\/media\/66"}],"wp:attachment":[{"href":"https:\/\/www.carmel.sk\/biblicketabory\/index.php\/wp-json\/wp\/v2\/media?parent=48"}],"curies":[{"name":"wp","href":"https:\/\/api.w.org\/{rel}","templated":true}]}}