{"id":131,"date":"2022-05-01T22:40:59","date_gmt":"2022-05-01T20:40:59","guid":{"rendered":"https:\/\/www.carmel.sk\/biblicketabory\/?page_id=131"},"modified":"2026-04-10T14:02:49","modified_gmt":"2026-04-10T12:02:49","slug":"casto-kladene-otazky","status":"publish","type":"page","link":"https:\/\/www.carmel.sk\/biblicketabory\/index.php\/casto-kladene-otazky\/","title":{"rendered":"FAQ"},"content":{"rendered":"\n<p>\u010cASTO KLADEN\u00c9 OT\u00c1ZKY<\/p>\n\n\n\n<ol class=\"wp-block-list\">\n<li><strong>Ako zist\u00edm, \u017ee som \u00faspe\u0161ne zaregistroval svoje die\u0165a na t\u00e1bor?&nbsp;&nbsp; <br><\/strong>Po dokon\u010den\u00ed registr\u00e1cie dostanete potvrdenie na e-mail, ktor\u00fd ste uviedli v registra\u010dnom formul\u00e1ri.<br><\/li>\n\n\n\n<li><strong>Dokedy je potrebn\u00e9 uhradi\u0165 poplatok za t\u00e1bor?\u00a0\u00a0 <br><\/strong>Pri registr\u00e1cii do 14. m\u00e1ja 2026 je potrebn\u00e9 uhradi\u0165 z\u013eavnen\u00fa cenu 140 \u20ac (pr\u00edpadne zn\u00ed\u017een\u00fa o \u010fal\u0161ie z\u013eavy), rovnako do 14. m\u00e1ja 2026. Registr\u00e1ciu s ni\u017e\u0161ou cenou akceptujeme, ak bude pr\u00edspevok prip\u00edsan\u00fd na n\u00e1\u0161 \u00fa\u010det najnesk\u00f4r do 14. m\u00e1ja 2026 (dobeh + 1 de\u0148).\u00a0Registr\u00e1cie po 15. m\u00e1ji 2026 maj\u00fa povinnos\u0165 uhradi\u0165 pr\u00edspevok najnesk\u00f4r do 15. j\u00fala 2026.<br><\/li>\n\n\n\n<li><strong>Ako funguje zdravotn\u00e1 starostlivos\u0165 na t\u00e1bore, ak moje die\u0165a u\u017e\u00edva pravidelne lieky?&nbsp;&nbsp; <br><\/strong>Na t\u00e1bore m\u00e1me svojho zdravotn\u00edka (lek\u00e1ra) cel\u00fd \u010das. Ten sa star\u00e1 o pod\u00e1vanie a d\u00e1vkovanie liekov. Jemu pri prezent\u00e1cii na za\u010diatku t\u00e1bora odovzd\u00e1te lieky a uvediete sp\u00f4sob pod\u00e1vania a v\u0161etky d\u00f4le\u017eit\u00e9 zdravotn\u00e9 inform\u00e1cie o die\u0165ati.<br><\/li>\n\n\n\n<li><strong>Moje die\u0165a m\u00e1 predp\u00edsan\u00fa zdravotn\u00fa di\u00e9tu. Ako bude zabezpe\u010den\u00e1 strava?&nbsp; <br><\/strong>Die\u0165a so zdravotnou (nie svojvo\u013enou) di\u00e9tou m\u00e1 mo\u017enos\u0165 \u00fapravy stravy. Je potrebn\u00e9 uvies\u0165 t\u00fato inform\u00e1ciu pri registr\u00e1cii. Ak ide o v\u00fdrazn\u00e9 obmedzenie v strave s pou\u017eit\u00edm \u0161peci\u00e1lnych surov\u00edn \u010di d\u00e1vkovania, tak n\u00e1m po\u0161lite inform\u00e1ciu na&nbsp;tabory@carmel.sk, aby sme vedeli pripravi\u0165 v s\u00fa\u010dinnosti s vami jed\u00e1lni\u010dek pre die\u0165a.<br><\/li>\n\n\n\n<li><strong>Je mo\u017en\u00e9 die\u0165a po\u010das prebiehaj\u00faceho t\u00e1bora nav\u0161t\u00edvi\u0165 osobne?&nbsp;&nbsp; <br><\/strong>Nem\u00f4\u017eeme V\u00e1m zabr\u00e1ni\u0165 v n\u00e1v\u0161teve die\u0165a\u0165a, ale v\u00fdrazne to neodpor\u00fa\u010dame. Emocion\u00e1lne to m\u00f4\u017ee rozladi\u0165 die\u0165a \/po odchode rodi\u010dov\/ a aj niektor\u00e9 ostatn\u00e9 deti to m\u00f4\u017eu vn\u00edma\u0165 citlivo. Ak potrebujete die\u0165a\u0165u nie\u010do odovzda\u0165 po\u010das t\u00e1bora, vopred si telefonicky dohodnite stretnutie s hlavn\u00fdm ved\u00facim.&nbsp;<\/li>\n\n\n\n<li><strong>Ak moje die\u0165a nem\u00f4\u017ee pr\u00eds\u0165 zo zdravotn\u00fdch d\u00f4vodov, bud\u00fa mi vr\u00e1ten\u00e9 peniaze? <\/strong>\n<ul class=\"wp-block-list\">\n<li>Ak bude pobyt zru\u0161en\u00fd z Va\u0161ej strany z ak\u00e9hoko\u013evek d\u00f4vodu 7 dn\u00ed pred za\u010diatkom t\u00e1bora, vr\u00e1time V\u00e1m 50 % zo zaplatenej sumy, a to iba na z\u00e1klade Va\u0161ej p\u00edsomnej \u017eiadosti na n\u00e1\u0161 e-mail: <a href=\"mailto:tabory@carmel.sk\">tabory@carmel.sk<\/a>.&nbsp;&nbsp;<\/li>\n\n\n\n<li>Ak bude pobyt zru\u0161en\u00fd z Va\u0161ej strany z ak\u00e9hoko\u013evek d\u00f4vodu de\u0148 vopred pred za\u010diatkom t\u00e1bora, vr\u00e1time V\u00e1m 30 % zo zaplatenej sumy, a to iba na z\u00e1klade Va\u0161ej p\u00edsomnej \u017eiadosti na n\u00e1\u0161 e-mail: <a href=\"mailto:tabory@carmel.sk\">tabory@carmel.sk<\/a>.&nbsp;<\/li>\n\n\n\n<li>Ak bude pobyt skr\u00e1ten\u00fd z objekt\u00edvneho d\u00f4vodu (naj\u010dastej\u0161ie zo zdravotn\u00fdch pr\u00ed\u010din), vr\u00e1time V\u00e1m za ka\u017ed\u00fd de\u0148 10 % z uhradenej sumy, a to iba na z\u00e1klade Va\u0161ej p\u00edsomnej \u017eiadosti na n\u00e1\u0161 e-mail: <a href=\"mailto:tabory@carmel.sk\">tabory@carmel.sk<\/a>.<\/li>\n<\/ul>\n<\/li>\n<\/ol>\n\n\n\n<p><\/p>\n","protected":false},"excerpt":{"rendered":"<p>\u010cASTO KLADEN\u00c9 OT\u00c1ZKY<\/p>\n","protected":false},"author":1,"featured_media":0,"parent":0,"menu_order":0,"comment_status":"closed","ping_status":"closed","template":"","meta":{"_monsterinsights_skip_tracking":false,"_monsterinsights_sitenote_active":false,"_monsterinsights_sitenote_note":"","_monsterinsights_sitenote_category":0,"footnotes":""},"class_list":["post-131","page","type-page","status-publish","hentry"],"yoast_head":"<!-- This site is optimized with the Yoast SEO plugin v27.3 - https:\/\/yoast.com\/product\/yoast-seo-wordpress\/ -->\n<title>FAQ - Biblick\u00e9 t\u00e1bory na Borde<\/title>\n<meta name=\"robots\" content=\"index, follow, max-snippet:-1, max-image-preview:large, max-video-preview:-1\" \/>\n<link rel=\"canonical\" href=\"https:\/\/www.carmel.sk\/biblicketabory\/index.php\/casto-kladene-otazky\/\" \/>\n<meta property=\"og:locale\" content=\"sk_SK\" \/>\n<meta property=\"og:type\" content=\"article\" \/>\n<meta property=\"og:title\" content=\"FAQ - Biblick\u00e9 t\u00e1bory na Borde\" \/>\n<meta property=\"og:description\" content=\"\u010cASTO KLADEN\u00c9 OT\u00c1ZKY\" \/>\n<meta property=\"og:url\" content=\"https:\/\/www.carmel.sk\/biblicketabory\/index.php\/casto-kladene-otazky\/\" \/>\n<meta property=\"og:site_name\" content=\"Biblick\u00e9 t\u00e1bory na Borde\" \/>\n<meta property=\"article:modified_time\" content=\"2026-04-10T12:02:49+00:00\" \/>\n<meta name=\"twitter:card\" content=\"summary_large_image\" \/>\n<meta name=\"twitter:label1\" content=\"Predpokladan\u00fd \u010das \u010d\u00edtania\" \/>\n\t<meta name=\"twitter:data1\" content=\"2 min\u00faty\" \/>\n<script type=\"application\/ld+json\" class=\"yoast-schema-graph\">{\"@context\":\"https:\\\/\\\/schema.org\",\"@graph\":[{\"@type\":\"WebPage\",\"@id\":\"https:\\\/\\\/www.carmel.sk\\\/biblicketabory\\\/index.php\\\/casto-kladene-otazky\\\/\",\"url\":\"https:\\\/\\\/www.carmel.sk\\\/biblicketabory\\\/index.php\\\/casto-kladene-otazky\\\/\",\"name\":\"FAQ - Biblick\u00e9 t\u00e1bory na Borde\",\"isPartOf\":{\"@id\":\"https:\\\/\\\/www.carmel.sk\\\/biblicketabory\\\/#website\"},\"datePublished\":\"2022-05-01T20:40:59+00:00\",\"dateModified\":\"2026-04-10T12:02:49+00:00\",\"breadcrumb\":{\"@id\":\"https:\\\/\\\/www.carmel.sk\\\/biblicketabory\\\/index.php\\\/casto-kladene-otazky\\\/#breadcrumb\"},\"inLanguage\":\"sk-SK\",\"potentialAction\":[{\"@type\":\"ReadAction\",\"target\":[\"https:\\\/\\\/www.carmel.sk\\\/biblicketabory\\\/index.php\\\/casto-kladene-otazky\\\/\"]}]},{\"@type\":\"BreadcrumbList\",\"@id\":\"https:\\\/\\\/www.carmel.sk\\\/biblicketabory\\\/index.php\\\/casto-kladene-otazky\\\/#breadcrumb\",\"itemListElement\":[{\"@type\":\"ListItem\",\"position\":1,\"name\":\"Home\",\"item\":\"https:\\\/\\\/www.carmel.sk\\\/biblicketabory\\\/\"},{\"@type\":\"ListItem\",\"position\":2,\"name\":\"FAQ\"}]},{\"@type\":\"WebSite\",\"@id\":\"https:\\\/\\\/www.carmel.sk\\\/biblicketabory\\\/#website\",\"url\":\"https:\\\/\\\/www.carmel.sk\\\/biblicketabory\\\/\",\"name\":\"Biblick\u00e9 t\u00e1bory na Borde\",\"description\":\"\",\"potentialAction\":[{\"@type\":\"SearchAction\",\"target\":{\"@type\":\"EntryPoint\",\"urlTemplate\":\"https:\\\/\\\/www.carmel.sk\\\/biblicketabory\\\/?s={search_term_string}\"},\"query-input\":{\"@type\":\"PropertyValueSpecification\",\"valueRequired\":true,\"valueName\":\"search_term_string\"}}],\"inLanguage\":\"sk-SK\"}]}<\/script>\n<!-- \/ Yoast SEO plugin. -->","yoast_head_json":{"title":"FAQ - Biblick\u00e9 t\u00e1bory na Borde","robots":{"index":"index","follow":"follow","max-snippet":"max-snippet:-1","max-image-preview":"max-image-preview:large","max-video-preview":"max-video-preview:-1"},"canonical":"https:\/\/www.carmel.sk\/biblicketabory\/index.php\/casto-kladene-otazky\/","og_locale":"sk_SK","og_type":"article","og_title":"FAQ - Biblick\u00e9 t\u00e1bory na Borde","og_description":"\u010cASTO KLADEN\u00c9 OT\u00c1ZKY","og_url":"https:\/\/www.carmel.sk\/biblicketabory\/index.php\/casto-kladene-otazky\/","og_site_name":"Biblick\u00e9 t\u00e1bory na Borde","article_modified_time":"2026-04-10T12:02:49+00:00","twitter_card":"summary_large_image","twitter_misc":{"Predpokladan\u00fd \u010das \u010d\u00edtania":"2 min\u00faty"},"schema":{"@context":"https:\/\/schema.org","@graph":[{"@type":"WebPage","@id":"https:\/\/www.carmel.sk\/biblicketabory\/index.php\/casto-kladene-otazky\/","url":"https:\/\/www.carmel.sk\/biblicketabory\/index.php\/casto-kladene-otazky\/","name":"FAQ - Biblick\u00e9 t\u00e1bory na Borde","isPartOf":{"@id":"https:\/\/www.carmel.sk\/biblicketabory\/#website"},"datePublished":"2022-05-01T20:40:59+00:00","dateModified":"2026-04-10T12:02:49+00:00","breadcrumb":{"@id":"https:\/\/www.carmel.sk\/biblicketabory\/index.php\/casto-kladene-otazky\/#breadcrumb"},"inLanguage":"sk-SK","potentialAction":[{"@type":"ReadAction","target":["https:\/\/www.carmel.sk\/biblicketabory\/index.php\/casto-kladene-otazky\/"]}]},{"@type":"BreadcrumbList","@id":"https:\/\/www.carmel.sk\/biblicketabory\/index.php\/casto-kladene-otazky\/#breadcrumb","itemListElement":[{"@type":"ListItem","position":1,"name":"Home","item":"https:\/\/www.carmel.sk\/biblicketabory\/"},{"@type":"ListItem","position":2,"name":"FAQ"}]},{"@type":"WebSite","@id":"https:\/\/www.carmel.sk\/biblicketabory\/#website","url":"https:\/\/www.carmel.sk\/biblicketabory\/","name":"Biblick\u00e9 t\u00e1bory na Borde","description":"","potentialAction":[{"@type":"SearchAction","target":{"@type":"EntryPoint","urlTemplate":"https:\/\/www.carmel.sk\/biblicketabory\/?s={search_term_string}"},"query-input":{"@type":"PropertyValueSpecification","valueRequired":true,"valueName":"search_term_string"}}],"inLanguage":"sk-SK"}]}},"_links":{"self":[{"href":"https:\/\/www.carmel.sk\/biblicketabory\/index.php\/wp-json\/wp\/v2\/pages\/131","targetHints":{"allow":["GET"]}}],"collection":[{"href":"https:\/\/www.carmel.sk\/biblicketabory\/index.php\/wp-json\/wp\/v2\/pages"}],"about":[{"href":"https:\/\/www.carmel.sk\/biblicketabory\/index.php\/wp-json\/wp\/v2\/types\/page"}],"author":[{"embeddable":true,"href":"https:\/\/www.carmel.sk\/biblicketabory\/index.php\/wp-json\/wp\/v2\/users\/1"}],"replies":[{"embeddable":true,"href":"https:\/\/www.carmel.sk\/biblicketabory\/index.php\/wp-json\/wp\/v2\/comments?post=131"}],"version-history":[{"count":6,"href":"https:\/\/www.carmel.sk\/biblicketabory\/index.php\/wp-json\/wp\/v2\/pages\/131\/revisions"}],"predecessor-version":[{"id":474,"href":"https:\/\/www.carmel.sk\/biblicketabory\/index.php\/wp-json\/wp\/v2\/pages\/131\/revisions\/474"}],"wp:attachment":[{"href":"https:\/\/www.carmel.sk\/biblicketabory\/index.php\/wp-json\/wp\/v2\/media?parent=131"}],"curies":[{"name":"wp","href":"https:\/\/api.w.org\/{rel}","templated":true}]}}